{"id":895,"date":"2026-02-24T07:10:37","date_gmt":"2026-02-24T07:10:37","guid":{"rendered":"https:\/\/dante-learning.com\/ger\/?page_id=895"},"modified":"2026-02-24T08:13:31","modified_gmt":"2026-02-24T08:13:31","slug":"unsere-italienischkurse-auf-zoom","status":"publish","type":"page","link":"https:\/\/dante-learning.com\/ger\/unsere-italienischkurse-auf-zoom\/","title":{"rendered":"Unsere Italienischkurse auf Zoom"},"content":{"rendered":"<div class=\"gb-container gb-container-7afeda40\">\n<\/p>\n\n\n\n<h2 class=\"wp-block-heading has-text-align-center\">Bitte melde dich an oder erstelle mit einem Klick ein kostenloses Konto, um dich f\u00fcr einen Kurs anzumelden<\/h2>\n\n\n<div class=\"wp-block-image\">\n<figure class=\"aligncenter size-full is-resized\"><img decoding=\"async\" src=\"https:\/\/dante-learning.com\/wp-content\/uploads\/2025\/06\/vacanze.webp\" alt=\"\" class=\"wp-image-30995\" style=\"width:182px;height:auto\"\/><\/figure>\n<\/div>\n\n\n<hr class=\"wp-block-separator has-alpha-channel-opacity\"\/>\n\n\n<p>    <div class=\"dante-login-form\">\n        <div class=\"dante-social-btns\">\n            <a href=\"\/ger\/wp-login.php?loginSocial=google&redirect=%2Fger%2Fwp-json%2Fwp%2Fv2%2Fpages%2F895\" class=\"dante-social-btn\">\n                <svg width=\"18\" height=\"18\" viewBox=\"0 0 24 24\">\n                    <path fill=\"#4285f4\" d=\"M22.56 12.25c0-.78-.07-1.53-.2-2.25H12v4.26h5.92c-.26 1.37-1.04 2.53-2.21 3.31v2.77h3.57c2.08-1.92 3.28-4.74 3.28-8.09z\"\/>\n                    <path fill=\"#34a853\" d=\"M12 23c2.97 0 5.46-.98 7.28-2.66l-3.57-2.77c-.98.66-2.23 1.06-3.71 1.06-2.86 0-5.29-1.93-6.16-4.53H2.18v2.84C3.99 20.53 7.7 23 12 23z\"\/>\n                    <path fill=\"#fbbc05\" d=\"M5.84 14.09c-.22-.66-.35-1.36-.35-2.09s.13-1.43.35-2.09V7.07H2.18C1.43 8.55 1 10.22 1 12s.43 3.45 1.18 4.93l2.85-2.22.81-.62z\"\/>\n                    <path fill=\"#ea4335\" d=\"M12 5.38c1.62 0 3.06.56 4.21 1.64l3.15-3.15C17.45 2.09 14.97 1 12 1 7.7 1 3.99 3.47 2.18 7.07l3.66 2.84c.87-2.6 3.3-4.53 6.16-4.53z\"\/>\n                <\/svg>\n                Mit Google fortfahren\n            <\/a>\n            <a href=\"\/ger\/wp-login.php?loginSocial=facebook&redirect=%2Fger%2Fwp-json%2Fwp%2Fv2%2Fpages%2F895\" class=\"dante-social-btn\">\n                <svg width=\"18\" height=\"18\" viewBox=\"0 0 24 24\">\n                    <path fill=\"#1877f2\" d=\"M24 12.073c0-6.627-5.373-12-12-12s-12 5.373-12 12c0 5.99 4.388 10.954 10.125 11.854v-8.385H7.078v-3.47h3.047V9.43c0-3.007 1.792-4.669 4.533-4.669 1.312 0 2.686.235 2.686.235v2.953H15.83c-1.491 0-1.956.925-1.956 1.874v2.25h3.328l-.532 3.47h-2.796v8.385C19.612 23.027 24 18.062 24 12.073z\"\/>\n                <\/svg>\n                Mit Facebook fortfahren\n            <\/a>\n        <\/div>\n        \n        <div class=\"dante-divider\"><span>oder<\/span><\/div>\n        \n        <form class=\"dante-auth-form\">\n            <input type=\"hidden\" name=\"nonce\" value=\"f73e6912ec\">\n            <input type=\"hidden\" name=\"redirect\" value=\"\/ger\/wp-json\/wp\/v2\/pages\/895\">\n            <input type=\"hidden\" name=\"show_register\" value=\"true\">\n            \n            <div class=\"dante-form-group\">\n                <label>E-Mail<\/label>\n                <input name=\"email\" type=\"email\" placeholder=\"deine E-Mail-Adresse\" required id=\"email\">\n                <div class=\"dante-message\" id=\"email-message\" style=\"display:none;\"><\/div>\n            <\/div>\n            \n            <div class=\"dante-form-group\" id=\"name-field\" style=\"display:none;\">\n                <label>Name<\/label>\n                <input name=\"name\" type=\"text\" placeholder=\"Dein vollst\u00e4ndiger Name\" id=\"name\">\n            <\/div>\n            \n            <div class=\"dante-form-group\">\n                <label>Passwort<\/label>\n                <input name=\"password\" type=\"password\" placeholder=\"Passwort eingeben\" required id=\"password\">\n            <\/div>\n            \n            <div class=\"dante-gdpr-section\" id=\"gdpr-field\" style=\"display:none;\">\n                <label class=\"dante-checkbox-label\">\n                    <input type=\"checkbox\" name=\"gdpr\" id=\"gdpr\">\n                    <span class=\"dante-checkmark\"><\/span>\n                    Ich akzeptiere die <a href=\"\/ger\/agb\/\" target=\"_blank\">AGB<\/a> und die <a href=\"\/ger\/datenschutz\/\" target=\"_blank\">Datenschutzerkl\u00e4rung<\/a>\n                <\/label>\n            <\/div>\n            \n            <div class=\"dante-message\" id=\"form-message\" style=\"display:none;\"><\/div>\n            \n            <button type=\"submit\" class=\"dante-btn-primary\" id=\"submit-btn\">Weiter<\/button>\n        <\/form>\n    <\/div>\n    \n    <script>\n    jQuery(function($) {\n        let mode = 'login';\n        let timeout;\n        \n        $('#email').on('input', function() {\n            const email = $(this).val();\n            const showReg = $('input[name=\"show_register\"]').val();\n            \n            clearTimeout(timeout);\n            \n            if (!email.includes('@')) {\n                resetForm();\n                return;\n            }\n            \n            timeout = setTimeout(() => {\n                $.post('https:\/\/dante-learning.com\/ger\/wp-admin\/admin-ajax.php', {\n                    action: 'dante_check_email',\n                    email: email,\n                    nonce: $('input[name=\"nonce\"]').val()\n                }, function(r) {\n                    if (r.success) {\n                        if (r.data.exists) {\n                            setLoginMode();\n                        } else if (showReg === 'true') {\n                            setRegisterMode();\n                        } else {\n                            setLoginMode();\n                        }\n                    }\n                });\n            }, 800);\n        });\n        \n        function resetForm() {\n            $('#name-field, #gdpr-field').hide();\n            $('#submit-btn').text('Weiter');\n            $('#password').attr('placeholder', 'Passwort eingeben');\n        }\n        \n        function setLoginMode() {\n            mode = 'login';\n            $('#name-field, #gdpr-field').hide();\n            $('#submit-btn').text('Anmelden');\n            $('#password').attr('placeholder', 'Dein Passwort eingeben');\n        }\n        \n        function setRegisterMode() {\n            mode = 'register';\n            $('#name-field, #gdpr-field').show();\n            $('#submit-btn').text('Konto erstellen');\n            $('#password').attr('placeholder', 'Sicheres Passwort w\u00e4hlen');\n        }\n        \n        function showMessage(message, type = 'error') {\n            const messageDiv = $('#form-message');\n            messageDiv.removeClass('dante-success dante-error').addClass('dante-' + type);\n            messageDiv.text(message).show();\n            setTimeout(() => messageDiv.hide(), 5000);\n        }\n        \n        $('.dante-auth-form').on('submit', function(e) {\n            e.preventDefault();\n            \n            const email = $('#email').val();\n            const password = $('#password').val();\n            const name = $('#name').val();\n            const gdpr = $('#gdpr').is(':checked');\n            const redirect = $('input[name=\"redirect\"]').val();\n            \n            if (!email || !password) {\n                showMessage('E-Mail und Passwort erforderlich');\n                return;\n            }\n            \n            if (mode === 'register') {\n                if (!name) {\n                    showMessage('Name erforderlich');\n                    return;\n                }\n                if (!gdpr) {\n                    showMessage('AGB und Datenschutzerkl\u00e4rung akzeptieren');\n                    return;\n                }\n            }\n            \n            $('#submit-btn').prop('disabled', true).text('\u23f3 Verarbeitung...');\n            $('#form-message').hide();\n            \n            $.post('https:\/\/dante-learning.com\/ger\/wp-admin\/admin-ajax.php', {\n                action: 'dante_process_auth',\n                mode: mode,\n                email: email,\n                password: password,\n                name: name,\n                redirect: redirect,\n                nonce: $('input[name=\"nonce\"]').val()\n            }, function(r) {\n                if (r.success) {\n                    showMessage('Erfolgreich! Weiterleitung...', 'success');\n                    setTimeout(() => window.location.href = r.data.redirect, 1000);\n                } else {\n                    showMessage(r.data);\n                    $('#submit-btn').prop('disabled', false).text(mode === 'login' ? 'Anmelden' : 'Konto erstellen');\n                }\n            });\n        });\n    });\n    <\/script>\n    <\/p>\n\n\n<p>\n\n\n\n\n<\/div>\n\n\n<p><\/p>\n\n\n\n<hr class=\"wp-block-separator has-alpha-channel-opacity\"\/>\n\n\n\n<h1 class=\"gb-headline gb-headline-a1716159 gb-headline-text\">Unsere Italienischkurse<\/h1>\n\n\n<div class=\"gb-container gb-container-17e1ce93 alignwide\">\n\n<p class=\"has-text-align-left\" style=\"font-size:18px;line-height:1.7\">Egal ob du lieber Einzelunterricht oder Kleingruppen bevorzugst \u2013 wir haben den passenden Kurs f\u00fcr dich. Privatstunden bieten volle Flexibilit\u00e4t und individuelle Betreuung, w\u00e4hrend unsere Gruppenkurse dir erm\u00f6glichen, mit anderen Italienisch-Begeisterten in einer lockeren, unterst\u00fctzenden Atmosph\u00e4re zu \u00fcben.<br>Alle Kurse finden live auf Zoom mit einer muttersprachlichen Lehrerin statt. Wir decken alle Niveaus ab: von absoluten Anf\u00e4ngern mit vollst\u00e4ndiger Unterst\u00fctzung auf Deutsch bis hin zu Fortgeschrittenen, die ihr gesprochenes Italienisch durch intensive Konversation vertiefen m\u00f6chten. Solo in italiano.<\/p>\n\n<\/div>\n\n<div class=\"gb-container gb-container-ec58db46\">\n<div class=\"gb-container gb-container-56af73be\">\n\n<h3 class=\"gb-headline gb-headline-51d618ba gb-headline-text\">W\u00f6chentlicher Unterricht<br>Einzelstunde<\/h3>\n\n\n<div class=\"wp-block-image\">\n<figure class=\"aligncenter size-full is-resized\"><img decoding=\"async\" src=\"https:\/\/dante-learning.com\/wp-content\/uploads\/2025\/06\/vacanze.webp\" alt=\"\" class=\"wp-image-30995\" style=\"width:182px;height:auto\"\/><\/figure>\n<\/div>\n\n\n<div class=\"gb-headline gb-headline-aeab83e9 gb-headline-text\"><br>F\u00fcr Sch\u00fcler, die eine Lektion pro Woche mit einem festen Lernrhythmus m\u00f6chten.<\/div>\n\n\n\n<p><\/p>\n\n\n\n<ul style=\"padding-left:1.25rem;line-height:1.4\" class=\"wp-block-list\">\n<li>Alle Niveaus \u2013 von Anf\u00e4nger bis Fortgeschrittene<\/li>\n\n\n\n<li>Individuelle Niveaueinsch\u00e4tzung<\/li>\n\n\n\n<li>55-min\u00fctige Einzelstunde auf Zoom<\/li>\n\n\n\n<li>Deine pers\u00f6nliche Lehrkraft<\/li>\n\n\n\n<li>Interaktive Online-Materialien<\/li>\n\n\n\n<li>Hausaufgaben nach jeder Lektion<\/li>\n<\/ul>\n\n\n\n<div class=\"gb-headline gb-headline-aeab83e0 gb-headline-text\">\u20ac139 \/ 4 Wochen<br>Automatisch verl\u00e4ngernd<br>Jederzeit k\u00fcndbar<\/div>\n\n\n\n<hr class=\"wp-block-separator has-text-color has-base-color has-alpha-channel-opacity has-base-background-color has-background\"\/>\n\n\n<div class=\"gb-container gb-container-ed3d782e\">\n\n<a class=\"gb-button gb-button-631743f7 gb-button-text\" href=\"\/ger\/membership-account\/membership-checkout\/?level=6\">Jetzt anmelden \u2192<\/a>\n\n<\/div>\n<\/div>\n<\/div>\n\n<div class=\"gb-container gb-container-card2container\">\n<div class=\"gb-container gb-container-card2content\">\n\n<h3 class=\"gb-headline gb-headline-card2title gb-headline-text\">10-Stunden-Paket<br>Einzelstunde<\/h3>\n\n\n<div class=\"wp-block-image\">\n<figure class=\"aligncenter size-full is-resized\"><img decoding=\"async\" src=\"https:\/\/dante-learning.com\/wp-content\/uploads\/2025\/06\/vacanze.webp\" alt=\"\" class=\"wp-image-30995\" style=\"width:182px;height:auto\"\/><\/figure>\n<\/div>\n\n\n<div class=\"gb-headline gb-headline-card2intro gb-headline-text\"><br>F\u00fcr Sch\u00fcler, die maximale Flexibilit\u00e4t bevorzugen. Plane deine Lektionen wann es dir passt \u2013 ohne feste w\u00f6chentliche Verpflichtung.<\/div>\n\n\n\n<p><\/p>\n\n\n\n<ul style=\"padding-left:1.25rem;line-height:1.4\" class=\"wp-block-list\">\n<li>Alle Niveaus \u2013 von Anf\u00e4nger bis Fortgeschrittene<\/li>\n\n\n\n<li>Individuelle Niveaueinsch\u00e4tzung<\/li>\n\n\n\n<li>55-min\u00fctige Einzelstunde auf Zoom<\/li>\n\n\n\n<li>Deine pers\u00f6nliche Lehrkraft<\/li>\n\n\n\n<li>Interaktive Online-Materialien<\/li>\n\n\n\n<li>Hausaufgaben nach jeder Lektion<\/li>\n<\/ul>\n\n\n\n<div class=\"gb-headline gb-headline-card2price gb-headline-text\">\u20ac389 \u00b7 Flexibles Paket<\/div>\n\n\n\n<hr class=\"wp-block-separator has-text-color has-base-color has-alpha-channel-opacity has-base-background-color has-background\"\/>\n\n\n<div class=\"gb-container gb-container-card2buttons\">\n\n<a class=\"gb-button gb-button-card2btn gb-button-text\" href=\"\/ger\/membership-account\/membership-checkout\/?level=8\">Paket kaufen \u2192<\/a>\n\n<\/div>\n<\/div>\n<\/div>\n\n\n<p><\/p>\n\n\n<div class=\"gb-container gb-container-card3container\">\n<div class=\"gb-container gb-container-card3content\">\n\n<h3 class=\"gb-headline gb-headline-card3title gb-headline-text\">Milano-Gruppenkurs<br>A2-B1<\/h3>\n\n\n<div class=\"wp-block-image\">\n<figure class=\"aligncenter size-full is-resized\"><img decoding=\"async\" src=\"https:\/\/dante-learning.com\/eng\/wp-content\/uploads\/2025\/06\/milano-no-sfondo.webp\" alt=\"\" class=\"wp-image-30995\" style=\"width:182px;height:auto\"\/><\/figure>\n<\/div>\n\n\n<div class=\"gb-headline gb-headline-card3intro gb-headline-text\"><br>Von den Grundlagen zur echten Konversation. Perfekt f\u00fcr Untermittelstufe, die in einer kleinen Gruppe \u00fcben und das n\u00e4chste Niveau erreichen wollen.<\/div>\n\n\n\n<p><\/p>\n\n\n\n<ul style=\"padding-left:1.25rem;line-height:1.4\" class=\"wp-block-list\">\n<li>Kleine Gruppen \u2013 max. 4 Sch\u00fcler<\/li>\n\n\n\n<li>Materialien auf Italienisch + Deutsch<\/li>\n\n\n\n<li>W\u00f6chentliche Live-Zoom-Sitzungen<\/li>\n\n\n\n<li>Interaktive Online-Materialien<\/li>\n\n\n\n<li>Grammatik, Wortschatz, H\u00f6ren, Schreiben<\/li>\n\n\n\n<li>Hausaufgaben nach jeder Lektion<\/li>\n<\/ul>\n\n\n\n<div class=\"gb-headline gb-headline-card3price gb-headline-text\">\u20ac119 \/ 4 Wochen<br>Automatisch verl\u00e4ngernd<br>Jederzeit k\u00fcndbar<\/div>\n\n\n\n<hr class=\"wp-block-separator has-text-color has-base-color has-alpha-channel-opacity has-base-background-color has-background\"\/>\n\n\n<div class=\"gb-container gb-container-card3buttons\">\n\n<a class=\"gb-button gb-button-card3btn gb-button-text\" href=\"\/ger\/membership-account\/membership-checkout\/?level=7\">Gruppe beitreten \u2192<\/a>\n\n<\/div>\n<\/div>\n<\/div>\n\n<div class=\"gb-container gb-container-card4container\">\n<div class=\"gb-container gb-container-card4content\">\n\n<h3 class=\"gb-headline gb-headline-card4title gb-headline-text\">Quattro Chiacchiere<br>Gruppenkurs B2-C1<\/h3>\n\n\n<div class=\"wp-block-image\">\n<figure class=\"aligncenter size-full is-resized\"><img decoding=\"async\" src=\"https:\/\/dante-learning.com\/eng\/wp-content\/uploads\/2025\/05\/4-chiacchierebianco.webp\" alt=\"\" class=\"wp-image-53933\" style=\"width:182px;height:auto\"\/><\/figure>\n<\/div>\n\n\n<div class=\"gb-headline gb-headline-card4intro gb-headline-text\"><br>Totale Immersion auf Italienisch f\u00fcr Sch\u00fcler der Mittel- und Oberstufe.<br>Lesen, Wortschatz, Grammatik und H\u00f6ren \u2013 alles auf Italienisch in 4-Lektionen-Zyklen. Du kannst jederzeit einsteigen.<\/div>\n\n\n\n<p><\/p>\n\n\n\n<ul style=\"padding-left:1.25rem;line-height:1.4\" class=\"wp-block-list\">\n<li>Kleine Gruppen \u2013 max. 4 Sch\u00fcler<\/li>\n\n\n\n<li>100% Italienisch, kein Deutsch<\/li>\n\n\n\n<li>W\u00f6chentliche Zoom-Lektionen mit deinen neuen Freunden<\/li>\n\n\n\n<li>Interaktive Online-Materialien<\/li>\n\n\n\n<li>Offline-\u00dcbungen mit Bewertung<\/li>\n\n\n\n<li>Hausaufgaben nach jeder Lektion, korrigiert von deiner Lehrerin<\/li>\n<\/ul>\n\n\n\n<div class=\"gb-headline gb-headline-card4price gb-headline-text\">\u20ac119 \/ 4 Wochen<br>Automatisch verl\u00e4ngernd<br>Jederzeit k\u00fcndbar<\/div>\n\n\n\n<hr class=\"wp-block-separator has-text-color has-base-color has-alpha-channel-opacity has-base-background-color has-background\"\/>\n\n\n<div class=\"gb-container gb-container-card4buttons\">\n\n<a class=\"gb-button gb-button-card4btn gb-button-text\" href=\"\/ger\/membership-account\/membership-checkout\/?level=5\">Gruppe beitreten \u2192<\/a>\n\n<\/div>\n<\/div>\n<\/div>\n\n<div class=\"gb-container gb-container-card5container\">\n<div class=\"gb-container gb-container-card5content\">\n\n<h3 class=\"gb-headline gb-headline-card5title gb-headline-text\">Book Club Italiano<br>Kurs Niveau B2 &#8211; C1<\/h3>\n\n\n<div class=\"wp-block-image\">\n<figure class=\"aligncenter size-full is-resized\"><img decoding=\"async\" src=\"https:\/\/dante-learning.com\/eng\/wp-content\/uploads\/2025\/01\/fannulloni-uomo-1.webp\" alt=\"\" class=\"wp-image-50743\" style=\"width:182px;height:auto\"\/><\/figure>\n<\/div>\n\n\n<div class=\"gb-headline gb-headline-card5intro gb-headline-text\"><br>Wir lernen Italienisch beim gemeinsamen Lesen! In jedem Zyklus von 4\u20135 Lektionen lesen wir ein ausgew\u00e4hltes Buch. Die Lektion konzentriert sich auf die Diskussion des Buchinhalts.<\/div>\n\n\n\n<p><\/p>\n\n\n\n<ul style=\"padding-left:1.25rem;line-height:1.4\" class=\"wp-block-list\">\n<li>Kleine Gruppe \u2013 max. 4 Sch\u00fcler<\/li>\n\n\n\n<li>5 Lektionen pro Buch<\/li>\n\n\n\n<li>Wortschatz\u00fcbungen<\/li>\n\n\n\n<li>H\u00f6rverst\u00e4ndnistest<\/li>\n\n\n\n<li>Moderierte Konversation<\/li>\n\n\n\n<li>Hausaufgaben nach jeder Lektion, korrigiert von deiner Lehrerin<\/li>\n\n\n\n<li>Diskussionsforum<\/li>\n<\/ul>\n\n\n\n<div class=\"gb-headline gb-headline-card5price gb-headline-text\">\u20ac119<br>Zahlung pro Zyklus<br><br>Aktuelles Buch ansehen<\/div>\n\n\n\n<hr class=\"wp-block-separator has-text-color has-base-color has-alpha-channel-opacity has-base-background-color has-background\"\/>\n\n\n<div class=\"gb-container gb-container-card5buttons\">\n\n<a class=\"gb-button gb-button-card5btn gb-button-text\" href=\"https:\/\/dante-learning.com\/eng\/i-fannulloni-book-club-zoom\/\">Club beitreten \u2192<\/a>\n\n<\/div>\n<\/div>\n<\/div>\n\n<div class=\"gb-container gb-container-card6container\">\n<div class=\"gb-container gb-container-card6content\">\n\n<h3 class=\"gb-headline gb-headline-card6title gb-headline-text\">Film Club Italiano<br>Kurs Niveau B2 &#8211; C1<\/h3>\n\n\n<div class=\"wp-block-image\">\n<figure class=\"aligncenter size-full is-resized\"><img decoding=\"async\" src=\"https:\/\/dante-learning.com\/eng\/wp-content\/uploads\/2026\/02\/fellini-dark-bg.webp\" alt=\"\" class=\"wp-image-58088\" style=\"width:200px\"\/><\/figure>\n<\/div>\n\n\n<div class=\"gb-headline gb-headline-card6intro gb-headline-text\"><br>Wir lernen Italienisch im Kino. 3 thematische Lektionen, drei Filme mit Klassendiskussion, 3 Gelegenheiten Italienisch zu sprechen, interessante Filme zu sehen und die Kultur unseres Bel Paese kennenzulernen.<\/div>\n\n\n\n<p><\/p>\n\n\n\n<ul style=\"padding-left:1.25rem;line-height:1.4\" class=\"wp-block-list\">\n<li>Kleine Gruppe \u2013 max. 4\u20135 Sch\u00fcler<\/li>\n\n\n\n<li>3 Lektionen, 3 Filme<\/li>\n\n\n\n<li>Wortschatz\u00fcbungen<\/li>\n\n\n\n<li>H\u00f6rverst\u00e4ndnistest<\/li>\n\n\n\n<li>Gef\u00fchrte Konversation<\/li>\n\n\n\n<li>Hausaufgaben nach jeder Lektion, korrigiert von deiner Lehrerin<\/li>\n\n\n\n<li>Diskussionsforum<\/li>\n\n\n\n<li>Filme online verf\u00fcgbar (YouTube etc.), kostenlos oder g\u00fcnstig auf Streaming-Plattformen (Amazon, Netflix etc.)<\/li>\n<\/ul>\n\n\n\n<div class=\"gb-headline gb-headline-card6price gb-headline-text\">\u20ac59<br>Zahlung pro Zyklus<br><br>Aktuellen Film Club ansehen<\/div>\n\n\n\n<hr class=\"wp-block-separator has-text-color has-base-color has-alpha-channel-opacity has-base-background-color has-background\"\/>\n\n\n<div class=\"gb-container gb-container-card6buttons\">\n\n<a class=\"gb-button gb-button-card6btn gb-button-text\" href=\"https:\/\/dante-learning.com\/eng\/italian-film-club\/\">Club beitreten \u2192<\/a>\n\n<\/div>\n<\/div>\n<\/div>\n\n<div class=\"gb-container gb-container-cardCILScontainer\">\n<div class=\"gb-container gb-container-cardCILScontent\">\n\n<h3 class=\"gb-headline gb-headline-cardCILStitle gb-headline-text\">CILS-Pr\u00fcfungsvorbereitung<br>Alle Niveaus<\/h3>\n\n\n<div class=\"wp-block-image\">\n<figure class=\"aligncenter size-full is-resized\"><img decoding=\"async\" src=\"https:\/\/dante-learning.com\/eng\/wp-content\/uploads\/2026\/02\/cils_training_400x400_under30kb.webp\" alt=\"Cils Training\" class=\"wp-image-58158\" style=\"width:200px\"\/><\/figure>\n<\/div>\n\n\n<div class=\"gb-headline gb-headline-cardCILSsubtitle gb-headline-text\">Einzelunterricht 1:1 \u00b7 Personalisierte Lernmaterialien<\/div>\n\n\n\n<div class=\"gb-headline gb-headline-cardCILSintro gb-headline-text\"><br>Bereite dich mit einer dedizierten Lehrkraft auf die CILS-Sprachpr\u00fcfung vor. Wir bewerten dein aktuelles Niveau und erstellen einen personalisierten Lernplan, der gezielt die gepr\u00fcften F\u00e4higkeiten abdeckt: H\u00f6ren, Lesen, Schreiben, Sprechen und Grammatik.<br><br><strong>Hinweis:<\/strong> Dante Learning bietet ausschlie\u00dflich Pr\u00fcfungsvorbereitung an. Wir f\u00fchren keine CILS-Pr\u00fcfungen durch und stellen keine Zertifikate aus. Die Pr\u00fcfung muss an einem autorisierten CILS-Pr\u00fcfungszentrum abgelegt werden (Universit\u00e0 per Stranieri di Siena oder angeschlossene Institutionen weltweit).<\/div>\n\n\n\n<p><\/p>\n\n\n\n<ul style=\"padding-left:1.25rem;line-height:1.4\" class=\"wp-block-list\">\n<li>Alle CILS-Niveaus \u2013 von A1 bis C2<\/li>\n\n\n\n<li>B1 Cittadinanza und A2 Integrazione eingeschlossen<\/li>\n\n\n\n<li>60-min\u00fctige Einzelstunde auf Zoom<\/li>\n\n\n\n<li>Arbeit mit offiziellen CILS-Pr\u00fcfungsunterlagen<\/li>\n\n\n\n<li>Gezieltes Training f\u00fcr jeden Pr\u00fcfungsbereich<\/li>\n\n\n\n<li>Erste Niveaueinsch\u00e4tzung inklusive<\/li>\n<\/ul>\n\n\n\n<hr class=\"wp-block-separator has-text-color has-base-color has-alpha-channel-opacity has-base-background-color has-background\"\/>\n\n\n<div class=\"gb-container gb-container-cardCILSbuttons\">\n\n<a class=\"gb-button gb-button-cardCILSbtnBasic gb-button-text\" href=\"\/ger\/membership-account\/membership-checkout\/?level=9\">10 Lektionen \u00b7 \u20ac489 \u2192<\/a>\n\n\n\n<hr class=\"wp-block-separator has-text-color has-base-color has-alpha-channel-opacity has-base-background-color has-background\" style=\"margin-top:0.5rem;margin-bottom:0.5rem\"\/>\n\n\n\n<ul style=\"padding-left:1.25rem;line-height:1.4\" class=\"wp-block-list\">\n<li>Vollst\u00e4ndige Pr\u00fcfungssimulation hinzuf\u00fcgen<\/li>\n\n\n\n<li>2 Sitzungen \u00d7 2 Stunden unter echten Pr\u00fcfungsbedingungen<\/li>\n\n\n\n<li>Detaillierte Korrektur und Feedback<\/li>\n<\/ul>\n\n\n\n<a class=\"gb-button gb-button-cardCILSbtnPremium gb-button-text\" href=\"\/ger\/membership-account\/membership-checkout\/?level=10\">10 Lektionen + Pr\u00fcfungssimulation \u00b7 \u20ac689<\/a>\n\n<\/div>\n<\/div>\n<\/div>\n\n\n<hr class=\"wp-block-separator has-alpha-channel-opacity\"\/>\n","protected":false},"excerpt":{"rendered":"<p>Unsere Italienischkurse Egal ob du lieber Einzelunterricht oder Kleingruppen bevorzugst \u2013 wir haben den passenden Kurs f\u00fcr dich. Privatstunden bieten volle Flexibilit\u00e4t und individuelle Betreuung, w\u00e4hrend unsere Gruppenkurse dir erm\u00f6glichen, mit anderen Italienisch-Begeisterten in einer lockeren, unterst\u00fctzenden Atmosph\u00e4re zu \u00fcben.Alle Kurse finden live auf Zoom mit einer muttersprachlichen Lehrerin statt. Wir decken alle Niveaus ab: &#8230; <a title=\"Unsere Italienischkurse auf Zoom\" class=\"read-more\" href=\"https:\/\/dante-learning.com\/ger\/unsere-italienischkurse-auf-zoom\/\" aria-label=\"Mehr Informationen \u00fcber Unsere Italienischkurse auf Zoom\">Read more \u226b<\/a><\/p>\n","protected":false},"author":1,"featured_media":0,"parent":0,"menu_order":0,"comment_status":"closed","ping_status":"closed","template":"","meta":{"_bbp_topic_count":0,"_bbp_reply_count":0,"_bbp_total_topic_count":0,"_bbp_total_reply_count":0,"_bbp_voice_count":0,"_bbp_anonymous_reply_count":0,"_bbp_topic_count_hidden":0,"_bbp_reply_count_hidden":0,"_bbp_forum_subforum_count":0,"pmpro_default_level":"","footnotes":""},"class_list":{"0":"post-895","1":"page","2":"type-page","3":"status-publish","5":"pmpro-has-access"},"_links":{"self":[{"href":"https:\/\/dante-learning.com\/ger\/wp-json\/wp\/v2\/pages\/895","targetHints":{"allow":["GET"]}}],"collection":[{"href":"https:\/\/dante-learning.com\/ger\/wp-json\/wp\/v2\/pages"}],"about":[{"href":"https:\/\/dante-learning.com\/ger\/wp-json\/wp\/v2\/types\/page"}],"author":[{"embeddable":true,"href":"https:\/\/dante-learning.com\/ger\/wp-json\/wp\/v2\/users\/1"}],"replies":[{"embeddable":true,"href":"https:\/\/dante-learning.com\/ger\/wp-json\/wp\/v2\/comments?post=895"}],"version-history":[{"count":3,"href":"https:\/\/dante-learning.com\/ger\/wp-json\/wp\/v2\/pages\/895\/revisions"}],"predecessor-version":[{"id":905,"href":"https:\/\/dante-learning.com\/ger\/wp-json\/wp\/v2\/pages\/895\/revisions\/905"}],"wp:attachment":[{"href":"https:\/\/dante-learning.com\/ger\/wp-json\/wp\/v2\/media?parent=895"}],"curies":[{"name":"wp","href":"https:\/\/api.w.org\/{rel}","templated":true}]}}