{"id":699,"date":"2025-10-31T11:54:07","date_gmt":"2025-10-31T11:54:07","guid":{"rendered":"https:\/\/dante-learning.com\/ger\/?page_id=699"},"modified":"2025-10-31T12:03:40","modified_gmt":"2025-10-31T12:03:40","slug":"699-2","status":"publish","type":"page","link":"https:\/\/dante-learning.com\/ger\/699-2\/","title":{"rendered":"Italienisch lernen mit Dante-Learning"},"content":{"rendered":"<div class=\"gb-container gb-container-bc118554\">\n<div class=\"gb-container gb-container-420cfb1e\">\n\n<h2 class=\"gb-headline gb-headline-89faaa91 gb-headline-text\">Italienisch-Lernmaterialien<\/h2>\n\n\n\n<p>Alle Inhalte auf dieser Seite sind frei zug\u00e4nglich.<br>Interaktive Quiz stehen Freunden zur Verf\u00fcgung, die unsere <strong>Freemium-Option<\/strong> w\u00e4hlen \u2013 eine kostenlose Registrierung mit nur einem Klick.<br><br>Italienisch lernen ist aufregend und manchmal herausfordernd.<br>Wir hoffen, dass unsere \u00dcbungen Ihnen helfen, sich zu verbessern.<br><br>Viel Spa\u00df beim Lernen und <strong><em>buono studio!<\/em><\/strong><\/p>\n\n\n<div class=\"gb-container gb-container-f7674b90\">\n\n<h2 class=\"gb-headline gb-headline-df3e18c0 gb-headline-text\">Suche<\/h2>\n\n\n<form role=\"search\" method=\"get\" action=\"https:\/\/dante-learning.com\/ger\/\" class=\"wp-block-search__no-button aligncenter wp-block-search\"    ><label class=\"wp-block-search__label screen-reader-text\" for=\"wp-block-search__input-1\" >Suchen<\/label><div class=\"wp-block-search__inside-wrapper\" ><input class=\"wp-block-search__input\" id=\"wp-block-search__input-1\" placeholder=\"Geben Sie ein Stichwort ein\" value=\"\" type=\"search\" name=\"s\" required \/><\/div><\/form>\n<\/div>\n\n\n<hr class=\"wp-block-separator has-alpha-channel-opacity\"\/>\n\n\n<div class=\"gb-container gb-container-3bdd4b53\">\n\n<div class=\"gb-grid-wrapper gb-grid-wrapper-276e3bfc gb-query-loop-wrapper\">\n<div class=\"gb-grid-column gb-grid-column-534d91eb gb-query-loop-item post-1279 post type-post status-publish format-standard has-post-thumbnail hentry category-uncategorized pmpro-has-access\"><div class=\"gb-container gb-container-534d91eb\">\n<div class=\"gb-container gb-container-01997210\">\n<h3 class=\"gb-headline gb-headline-2d9bc049 gb-headline-text\"><a href=\"https:\/\/dante-learning.com\/ger\/gerundio-infinito-italienisch\/\">Gerundio Italienisch: Bildung, Verwendung und Unterschied zum Infinito<\/a><\/h3>\n\n<div class=\"gb-headline gb-headline-4df9fed6 gb-headline-text\">TL;DR: Das gerundio italienisch ist eine Verbform auf -ando (da -are) oder -endo (da -ere\/-ire) und dr\u00fcckt eine gleichzeitige Handlung, einen Grund oder die &#8230;<\/div>\n\n<div class=\"gb-container gb-container-3fb89cf5\">\n\n<figure class=\"wp-block-image size-thumbnail is-resized\"><img loading=\"lazy\" decoding=\"async\" width=\"150\" height=\"150\" src=\"https:\/\/dante-learning.com\/ger\/wp-content\/uploads\/2025\/05\/vacanze-150x150.webp\" alt=\"a man and woman riding a scooter\" class=\"wp-image-214\" style=\"width:48px;height:auto\" srcset=\"https:\/\/dante-learning.com\/ger\/wp-content\/uploads\/2025\/05\/vacanze-150x150.webp 150w, https:\/\/dante-learning.com\/ger\/wp-content\/uploads\/2025\/05\/vacanze.webp 300w\" sizes=\"auto, (max-width: 150px) 100vw, 150px\" \/><\/figure>\n\n\n<div class=\"gb-container gb-container-8c2cf4fa\">\n<div class=\"gb-headline gb-headline-013386f3 gb-headline-text\">Riccardo<\/div>\n\n<div class=\"gb-headline gb-headline-16e30371 gb-headline-text\"><time class=\"entry-date published\" datetime=\"2026-04-01T00:58:00+00:00\">April 1, 2026<\/time><\/div>\n<\/div>\n<\/div>\n<\/div>\n<\/div><\/div>\n\n<div class=\"gb-grid-column gb-grid-column-534d91eb gb-query-loop-item post-1277 post type-post status-publish format-standard has-post-thumbnail hentry category-uncategorized pmpro-has-access\"><div class=\"gb-container gb-container-534d91eb\">\n<div class=\"gb-container gb-container-01997210\">\n<h3 class=\"gb-headline gb-headline-2d9bc049 gb-headline-text\"><a href=\"https:\/\/dante-learning.com\/ger\/andare-venire-unterschied-italiano\/\">Andare vs. Venire Unterschied: Gehen und Kommen auf Italienisch<\/a><\/h3>\n\n<div class=\"gb-headline gb-headline-4df9fed6 gb-headline-text\">TL;DR: Der andare venire unterschied liegt im Standpunkt des Sprechers: andare (gehen) druckt Bewegung weg vom Sprecher aus, venire (kommen) Bewegung zum Sprecher hin. &#8230;<\/div>\n\n<div class=\"gb-container gb-container-3fb89cf5\">\n\n<figure class=\"wp-block-image size-thumbnail is-resized\"><img loading=\"lazy\" decoding=\"async\" width=\"150\" height=\"150\" src=\"https:\/\/dante-learning.com\/ger\/wp-content\/uploads\/2025\/05\/vacanze-150x150.webp\" alt=\"a man and woman riding a scooter\" class=\"wp-image-214\" style=\"width:48px;height:auto\" srcset=\"https:\/\/dante-learning.com\/ger\/wp-content\/uploads\/2025\/05\/vacanze-150x150.webp 150w, https:\/\/dante-learning.com\/ger\/wp-content\/uploads\/2025\/05\/vacanze.webp 300w\" sizes=\"auto, (max-width: 150px) 100vw, 150px\" \/><\/figure>\n\n\n<div class=\"gb-container gb-container-8c2cf4fa\">\n<div class=\"gb-headline gb-headline-013386f3 gb-headline-text\">Riccardo<\/div>\n\n<div class=\"gb-headline gb-headline-16e30371 gb-headline-text\"><time class=\"entry-date published\" datetime=\"2026-04-01T00:54:52+00:00\">April 1, 2026<\/time><\/div>\n<\/div>\n<\/div>\n<\/div>\n<\/div><\/div>\n\n<div class=\"gb-grid-column gb-grid-column-534d91eb gb-query-loop-item post-1275 post type-post status-publish format-standard hentry category-uncategorized pmpro-has-access\"><div class=\"gb-container gb-container-534d91eb\">\n<div class=\"gb-container gb-container-01997210\">\n<h3 class=\"gb-headline gb-headline-2d9bc049 gb-headline-text\"><a href=\"https:\/\/dante-learning.com\/ger\/molto-tanto-troppo-poco-italienisch\/\">Molto Tanto Italienisch: Mengen und Intensit\u00e4t ausdr\u00fccken<\/a><\/h3>\n\n<div class=\"gb-headline gb-headline-4df9fed6 gb-headline-text\">TL;DR: Die Mengenadverbien molto tanto troppo poco italienisch gehoeren zu den haeufigsten Woertern im Alltag. Molto (sehr\/viel) und tanto (so viel\/so sehr) sind als &#8230;<\/div>\n\n<div class=\"gb-container gb-container-3fb89cf5\">\n\n<figure class=\"wp-block-image size-thumbnail is-resized\"><img loading=\"lazy\" decoding=\"async\" width=\"150\" height=\"150\" src=\"https:\/\/dante-learning.com\/ger\/wp-content\/uploads\/2025\/05\/vacanze-150x150.webp\" alt=\"a man and woman riding a scooter\" class=\"wp-image-214\" style=\"width:48px;height:auto\" srcset=\"https:\/\/dante-learning.com\/ger\/wp-content\/uploads\/2025\/05\/vacanze-150x150.webp 150w, https:\/\/dante-learning.com\/ger\/wp-content\/uploads\/2025\/05\/vacanze.webp 300w\" sizes=\"auto, (max-width: 150px) 100vw, 150px\" \/><\/figure>\n\n\n<div class=\"gb-container gb-container-8c2cf4fa\">\n<div class=\"gb-headline gb-headline-013386f3 gb-headline-text\">Riccardo<\/div>\n\n<div class=\"gb-headline gb-headline-16e30371 gb-headline-text\"><time class=\"entry-date published\" datetime=\"2026-04-01T00:54:30+00:00\">April 1, 2026<\/time><\/div>\n<\/div>\n<\/div>\n<\/div>\n<\/div><\/div>\n\n<div class=\"gb-grid-column gb-grid-column-534d91eb gb-query-loop-item post-1273 post type-post status-publish format-standard hentry category-uncategorized pmpro-has-access\"><div class=\"gb-container gb-container-534d91eb\">\n<div class=\"gb-container gb-container-01997210\">\n<h3 class=\"gb-headline gb-headline-2d9bc049 gb-headline-text\"><a href=\"https:\/\/dante-learning.com\/ger\/periodo-ipotetico-misto-italiano\/\">Periodo Ipotetico Misto: Gemischte Bedingungss\u00e4tze Italienisch<\/a><\/h3>\n\n<div class=\"gb-headline gb-headline-4df9fed6 gb-headline-text\">TL;DR: Il periodo ipotetico misto in italiano combina due tipi di periodo ipotetico in una sola frase. Esistono due combinazioni principali: condizione passata con &#8230;<\/div>\n\n<div class=\"gb-container gb-container-3fb89cf5\">\n\n<figure class=\"wp-block-image size-thumbnail is-resized\"><img loading=\"lazy\" decoding=\"async\" width=\"150\" height=\"150\" src=\"https:\/\/dante-learning.com\/ger\/wp-content\/uploads\/2025\/05\/vacanze-150x150.webp\" alt=\"a man and woman riding a scooter\" class=\"wp-image-214\" style=\"width:48px;height:auto\" srcset=\"https:\/\/dante-learning.com\/ger\/wp-content\/uploads\/2025\/05\/vacanze-150x150.webp 150w, https:\/\/dante-learning.com\/ger\/wp-content\/uploads\/2025\/05\/vacanze.webp 300w\" sizes=\"auto, (max-width: 150px) 100vw, 150px\" \/><\/figure>\n\n\n<div class=\"gb-container gb-container-8c2cf4fa\">\n<div class=\"gb-headline gb-headline-013386f3 gb-headline-text\">Riccardo<\/div>\n\n<div class=\"gb-headline gb-headline-16e30371 gb-headline-text\"><time class=\"entry-date published\" datetime=\"2026-04-01T00:54:09+00:00\">April 1, 2026<\/time><\/div>\n<\/div>\n<\/div>\n<\/div>\n<\/div><\/div>\n\n<div class=\"gb-grid-column gb-grid-column-534d91eb gb-query-loop-item post-1271 post type-post status-publish format-standard has-post-thumbnail hentry category-uncategorized pmpro-has-access\"><div class=\"gb-container gb-container-534d91eb\">\n<div class=\"gb-container gb-container-01997210\">\n<h3 class=\"gb-headline gb-headline-2d9bc049 gb-headline-text\"><a href=\"https:\/\/dante-learning.com\/ger\/indirekte-rede-vergangenheit-italienisch\/\">Indirekte Rede Vergangenheit Italienisch: Die kompletten Regeln<\/a><\/h3>\n\n<div class=\"gb-headline gb-headline-4df9fed6 gb-headline-text\">TL;DR: Die indirekte Rede Vergangenheit Italienisch folgt klaren Regeln: Wenn das einfuhrende Verb in der Vergangenheit steht (z. B. disse che), verandern sich die &#8230;<\/div>\n\n<div class=\"gb-container gb-container-3fb89cf5\">\n\n<figure class=\"wp-block-image size-thumbnail is-resized\"><img loading=\"lazy\" decoding=\"async\" width=\"150\" height=\"150\" src=\"https:\/\/dante-learning.com\/ger\/wp-content\/uploads\/2025\/05\/vacanze-150x150.webp\" alt=\"a man and woman riding a scooter\" class=\"wp-image-214\" style=\"width:48px;height:auto\" srcset=\"https:\/\/dante-learning.com\/ger\/wp-content\/uploads\/2025\/05\/vacanze-150x150.webp 150w, https:\/\/dante-learning.com\/ger\/wp-content\/uploads\/2025\/05\/vacanze.webp 300w\" sizes=\"auto, (max-width: 150px) 100vw, 150px\" \/><\/figure>\n\n\n<div class=\"gb-container gb-container-8c2cf4fa\">\n<div class=\"gb-headline gb-headline-013386f3 gb-headline-text\">Riccardo<\/div>\n\n<div class=\"gb-headline gb-headline-16e30371 gb-headline-text\"><time class=\"entry-date published\" datetime=\"2026-04-01T00:53:47+00:00\">April 1, 2026<\/time><\/div>\n<\/div>\n<\/div>\n<\/div>\n<\/div><\/div>\n\n<div class=\"gb-grid-column gb-grid-column-534d91eb gb-query-loop-item post-1269 post type-post status-publish format-standard has-post-thumbnail hentry category-uncategorized pmpro-has-access\"><div class=\"gb-container gb-container-534d91eb\">\n<div class=\"gb-container gb-container-01997210\">\n<h3 class=\"gb-headline gb-headline-2d9bc049 gb-headline-text\"><a href=\"https:\/\/dante-learning.com\/ger\/pronominalverben-italienisch\/\">Pronominalverben Italienisch: cavarsela, fregarsene, prendersela<\/a><\/h3>\n\n<div class=\"gb-headline gb-headline-4df9fed6 gb-headline-text\">TL;DR: Pronominalverben Italienisch sind Verben, die feste Pronomen wie ci, ne, la oder se einschliessen und zusammen eine neue idiomatische Bedeutung bilden. Farcela bedeutet &#8230;<\/div>\n\n<div class=\"gb-container gb-container-3fb89cf5\">\n\n<figure class=\"wp-block-image size-thumbnail is-resized\"><img loading=\"lazy\" decoding=\"async\" width=\"150\" height=\"150\" src=\"https:\/\/dante-learning.com\/ger\/wp-content\/uploads\/2025\/05\/vacanze-150x150.webp\" alt=\"a man and woman riding a scooter\" class=\"wp-image-214\" style=\"width:48px;height:auto\" srcset=\"https:\/\/dante-learning.com\/ger\/wp-content\/uploads\/2025\/05\/vacanze-150x150.webp 150w, https:\/\/dante-learning.com\/ger\/wp-content\/uploads\/2025\/05\/vacanze.webp 300w\" sizes=\"auto, (max-width: 150px) 100vw, 150px\" \/><\/figure>\n\n\n<div class=\"gb-container gb-container-8c2cf4fa\">\n<div class=\"gb-headline gb-headline-013386f3 gb-headline-text\">Riccardo<\/div>\n\n<div class=\"gb-headline gb-headline-16e30371 gb-headline-text\"><time class=\"entry-date published\" datetime=\"2026-04-01T00:53:25+00:00\">April 1, 2026<\/time><\/div>\n<\/div>\n<\/div>\n<\/div>\n<\/div><\/div>\n\n<div class=\"gb-grid-column gb-grid-column-534d91eb gb-query-loop-item post-1267 post type-post status-publish format-standard has-post-thumbnail hentry category-uncategorized pmpro-has-access\"><div class=\"gb-container gb-container-534d91eb\">\n<div class=\"gb-container gb-container-01997210\">\n<h3 class=\"gb-headline gb-headline-2d9bc049 gb-headline-text\"><a href=\"https:\/\/dante-learning.com\/ger\/ne-ci-pronominalverben-italienisch\/\">Ne und Ci Fortgeschritten: andarsene, farcela, metterci erkl\u00e4rt<\/a><\/h3>\n\n<div class=\"gb-headline gb-headline-4df9fed6 gb-headline-text\">TL;DR: ne ci italienisch fortgeschritten &#8211; Die Pronomen ne und ci bilden zusammen mit bestimmten Verben feste Verbindungen: andarsene (weggehen, endg\u00fcltig), farcela (es schaffen), &#8230;<\/div>\n\n<div class=\"gb-container gb-container-3fb89cf5\">\n\n<figure class=\"wp-block-image size-thumbnail is-resized\"><img loading=\"lazy\" decoding=\"async\" width=\"150\" height=\"150\" src=\"https:\/\/dante-learning.com\/ger\/wp-content\/uploads\/2025\/05\/vacanze-150x150.webp\" alt=\"a man and woman riding a scooter\" class=\"wp-image-214\" style=\"width:48px;height:auto\" srcset=\"https:\/\/dante-learning.com\/ger\/wp-content\/uploads\/2025\/05\/vacanze-150x150.webp 150w, https:\/\/dante-learning.com\/ger\/wp-content\/uploads\/2025\/05\/vacanze.webp 300w\" sizes=\"auto, (max-width: 150px) 100vw, 150px\" \/><\/figure>\n\n\n<div class=\"gb-container gb-container-8c2cf4fa\">\n<div class=\"gb-headline gb-headline-013386f3 gb-headline-text\">Riccardo<\/div>\n\n<div class=\"gb-headline gb-headline-16e30371 gb-headline-text\"><time class=\"entry-date published\" datetime=\"2026-04-01T00:53:02+00:00\">April 1, 2026<\/time><\/div>\n<\/div>\n<\/div>\n<\/div>\n<\/div><\/div>\n\n<div class=\"gb-grid-column gb-grid-column-534d91eb gb-query-loop-item post-1265 post type-post status-publish format-standard has-post-thumbnail hentry category-uncategorized pmpro-has-access\"><div class=\"gb-container gb-container-534d91eb\">\n<div class=\"gb-container gb-container-01997210\">\n<h3 class=\"gb-headline gb-headline-2d9bc049 gb-headline-text\"><a href=\"https:\/\/dante-learning.com\/ger\/adverbien-auf-italienisch\/\">Adverbien Italienisch: Bildung mit -mente und wichtige Formen<\/a><\/h3>\n\n<div class=\"gb-headline gb-headline-4df9fed6 gb-headline-text\">TL;DR Adverbien Italienisch werden meistens aus dem femininen Adjektiv + -mente gebildet: lento wird zu lenta, dann zu lentamente. Endet das Adjektiv auf -le &#8230;<\/div>\n\n<div class=\"gb-container gb-container-3fb89cf5\">\n\n<figure class=\"wp-block-image size-thumbnail is-resized\"><img loading=\"lazy\" decoding=\"async\" width=\"150\" height=\"150\" src=\"https:\/\/dante-learning.com\/ger\/wp-content\/uploads\/2025\/05\/vacanze-150x150.webp\" alt=\"a man and woman riding a scooter\" class=\"wp-image-214\" style=\"width:48px;height:auto\" srcset=\"https:\/\/dante-learning.com\/ger\/wp-content\/uploads\/2025\/05\/vacanze-150x150.webp 150w, https:\/\/dante-learning.com\/ger\/wp-content\/uploads\/2025\/05\/vacanze.webp 300w\" sizes=\"auto, (max-width: 150px) 100vw, 150px\" \/><\/figure>\n\n\n<div class=\"gb-container gb-container-8c2cf4fa\">\n<div class=\"gb-headline gb-headline-013386f3 gb-headline-text\">Riccardo<\/div>\n\n<div class=\"gb-headline gb-headline-16e30371 gb-headline-text\"><time class=\"entry-date published\" datetime=\"2026-04-01T00:52:42+00:00\">April 1, 2026<\/time><\/div>\n<\/div>\n<\/div>\n<\/div>\n<\/div><\/div>\n<\/div>\n\n\n<hr class=\"wp-block-separator has-alpha-channel-opacity\"\/>\n\n\n<div class=\"gb-container gb-container-c9abecc3 gb-query-loop-pagination\">\n\n\n<span class=\"gb-button gb-button-3dbd95c0 gb-button-text page-numbers gb-block-is-current\" aria-current=\"page\">1<\/span><a class=\"gb-button gb-button-3dbd95c0 gb-button-text page-numbers\" href=\"?query-f7afbf7c-page=2\">2<\/a><a class=\"gb-button gb-button-3dbd95c0 gb-button-text page-numbers\" href=\"?query-f7afbf7c-page=3\">3<\/a><span class=\"gb-button gb-button-3dbd95c0 gb-button-text page-numbers dots\">\u2026<\/span><a class=\"gb-button gb-button-3dbd95c0 gb-button-text page-numbers\" href=\"?query-f7afbf7c-page=14\">14<\/a>\n\n<a class=\"gb-button gb-button-05fb9feb gb-button-text\" href=\"\/ger\/wp-json\/wp\/v2\/pages\/699?query-f7afbf7c-page=2\">N\u00e4chste<\/a>\n<\/div>\n\n<\/div>\n<\/div>\n<\/div>","protected":false},"excerpt":{"rendered":"<p>Italienisch-Lernmaterialien Alle Inhalte auf dieser Seite sind frei zug\u00e4nglich.Interaktive Quiz stehen Freunden zur Verf\u00fcgung, die unsere Freemium-Option w\u00e4hlen \u2013 eine kostenlose Registrierung mit nur einem Klick. Italienisch lernen ist aufregend und manchmal herausfordernd.Wir hoffen, dass unsere \u00dcbungen Ihnen helfen, sich zu verbessern. Viel Spa\u00df beim Lernen und buono studio! Suche<\/p>\n","protected":false},"author":1,"featured_media":0,"parent":0,"menu_order":0,"comment_status":"closed","ping_status":"closed","template":"","meta":{"_bbp_topic_count":0,"_bbp_reply_count":0,"_bbp_total_topic_count":0,"_bbp_total_reply_count":0,"_bbp_voice_count":0,"_bbp_anonymous_reply_count":0,"_bbp_topic_count_hidden":0,"_bbp_reply_count_hidden":0,"_bbp_forum_subforum_count":0,"pmpro_default_level":"","footnotes":""},"class_list":{"0":"post-699","1":"page","2":"type-page","3":"status-publish","5":"pmpro-has-access"},"_links":{"self":[{"href":"https:\/\/dante-learning.com\/ger\/wp-json\/wp\/v2\/pages\/699","targetHints":{"allow":["GET"]}}],"collection":[{"href":"https:\/\/dante-learning.com\/ger\/wp-json\/wp\/v2\/pages"}],"about":[{"href":"https:\/\/dante-learning.com\/ger\/wp-json\/wp\/v2\/types\/page"}],"author":[{"embeddable":true,"href":"https:\/\/dante-learning.com\/ger\/wp-json\/wp\/v2\/users\/1"}],"replies":[{"embeddable":true,"href":"https:\/\/dante-learning.com\/ger\/wp-json\/wp\/v2\/comments?post=699"}],"version-history":[{"count":3,"href":"https:\/\/dante-learning.com\/ger\/wp-json\/wp\/v2\/pages\/699\/revisions"}],"predecessor-version":[{"id":706,"href":"https:\/\/dante-learning.com\/ger\/wp-json\/wp\/v2\/pages\/699\/revisions\/706"}],"wp:attachment":[{"href":"https:\/\/dante-learning.com\/ger\/wp-json\/wp\/v2\/media?parent=699"}],"curies":[{"name":"wp","href":"https:\/\/api.w.org\/{rel}","templated":true}]}}