{"id":3,"date":"2024-11-27T12:38:41","date_gmt":"2024-11-27T12:38:41","guid":{"rendered":"https:\/\/dante-learning.com\/ger\/?page_id=3"},"modified":"2025-12-29T06:43:09","modified_gmt":"2025-12-29T06:43:09","slug":"datenschutz","status":"publish","type":"page","link":"https:\/\/dante-learning.com\/ger\/datenschutz\/","title":{"rendered":"Datenschutzerkl\u00e4rung"},"content":{"rendered":"\n<h2 class=\"wp-block-heading\">Wer wir sind<\/h2>\n\n\n\n<p><strong>Verantwortlicher f\u00fcr die Datenverarbeitung:<\/strong><br><br> Cristiani Riccardo<br> Online Italian School Dante Learning<br> Padova, Italien<br> Musashino City, Tokyo, Japan<br> E-Mail: <a href=\"mailto:deutsch@dante-learning.com?subject=Ich habe eine Frage zu Ihrer Datenschutzerkl\u00e4rung\">deutsch@dante-learning.com<\/a><\/p>\n\n\n\n<p>Diese Datenschutzerkl\u00e4rung regelt die Art und Weise, wie Dante Learning Informationen von Nutzern (jeweils ein &#8222;Nutzer&#8220;) der folgenden Website sammelt, verwendet, pflegt und offenlegt:<\/p>\n\n\n\n<p>Dante Learning Deutsch: https:\/\/dante-learning.com\/ger\/<\/p>\n\n\n\n<p>Diese Datenschutzerkl\u00e4rung gilt f\u00fcr die Website und alle von Dante Learning angebotenen Produkte und Dienstleistungen.<\/p>\n\n\n\n<h2 class=\"wp-block-heading\">Unser Engagement f\u00fcr den Datenschutz<\/h2>\n\n\n\n<p>Ihr Datenschutz ist uns wichtig. Um Ihre Privatsph\u00e4re besser zu sch\u00fctzen, stellen wir diese Erkl\u00e4rung zur Verf\u00fcgung, die unsere Online-Informationspraktiken und die Wahlm\u00f6glichkeiten erl\u00e4utert, die Sie bez\u00fcglich der Art und Weise haben, wie Ihre Informationen gesammelt und verwendet werden. Um diese Erkl\u00e4rung leicht auffindbar zu machen, stellen wir sie auf unserer Homepage und an jedem Punkt zur Verf\u00fcgung, an dem pers\u00f6nlich identifizierbare Informationen angefordert werden k\u00f6nnen.<\/p>\n\n\n\n<h2 class=\"wp-block-heading\">Informationen, die wir sammeln<\/h2>\n\n\n\n<p>Diese Erkl\u00e4rung gilt f\u00fcr alle Informationen, die auf dieser Website gesammelt oder \u00fcbermittelt werden. Auf einigen Seiten k\u00f6nnen Sie Produkte bestellen, Anfragen stellen und sich registrieren, um Materialien zu erhalten. Die Arten von pers\u00f6nlichen Informationen, die auf diesen Seiten gesammelt werden, sind: Name, Adresse, E-Mail, Telefonnummer, Postleitzahl.<\/p>\n\n\n\n<h2 class=\"wp-block-heading\">Informationen, die wir nicht sammeln<\/h2>\n\n\n\n<p>Kredit- oder Debitkartendaten, Geburtsdatum, ethnische Zugeh\u00f6rigkeit, Religion, sexuelle Orientierung. Alle anderen Informationen, die nicht mit der Optimierung dieser Website und ihrer Dienstleistungen zusammenh\u00e4ngen.<\/p>\n\n\n\n<h2 class=\"wp-block-heading\">Webbrowser-Cookies<\/h2>\n\n\n\n<p>Unsere Website kann &#8222;Cookies&#8220; verwenden, um die Nutzererfahrung zu verbessern. Der Webbrowser des Nutzers platziert Cookies auf seiner Festplatte zu Aufzeichnungszwecken und manchmal um Informationen \u00fcber ihn zu verfolgen. Der Nutzer kann w\u00e4hlen, seinen Webbrowser so einzustellen, dass er Cookies ablehnt oder Sie warnt, wenn Cookies gesendet werden. Wenn sie dies tun, beachten Sie, dass einige Teile der Website m\u00f6glicherweise nicht ordnungsgem\u00e4\u00df funktionieren.<\/p>\n\n\n\n<h2 class=\"wp-block-heading\">Wie wir Informationen verwenden<\/h2>\n\n\n\n<p>Wir verwenden die Informationen, die Sie \u00fcber sich selbst bereitstellen, wenn Sie eine Bestellung f\u00fcr Kurse oder K\u00e4ufe auf der Website aufgeben, nur um diese Bestellung abzuschlie\u00dfen. Wir teilen diese Informationen nicht mit externen Parteien, au\u00dfer in dem Umfang, der zur Abwicklung dieser Bestellung erforderlich ist (z.B. Zahlungsgateways).<\/p>\n\n\n\n<p>Wir verwenden R\u00fcckantwort-E-Mail-Adressen, um die E-Mails zu beantworten, die wir erhalten. Solche Adressen werden f\u00fcr keinen anderen Zweck verwendet und werden nicht mit externen Parteien geteilt.<\/p>\n\n\n\n<p>Wir verwenden Informationen, um Informationen \u00fcber das Sprachenlernen und \u00fcber zus\u00e4tzliche Produkte von Dante Learning zu senden, die f\u00fcr Sie n\u00fctzlich sein k\u00f6nnten.<\/p>\n\n\n\n<p>Sie k\u00f6nnen sich auf unserer Website registrieren, wenn Sie unseren Kursnewsletter oder Arbeitsbl\u00e4tter sowie Updates \u00fcber unsere neuen Kurse und Dienstleistungen erhalten m\u00f6chten. Informationen, die Sie auf unserer Website \u00fcbermitteln, werden nicht f\u00fcr diesen Zweck verwendet, es sei denn, Sie f\u00fcllen das Registrierungsformular aus.<\/p>\n\n\n\n<p>Schlie\u00dflich verwenden oder teilen wir niemals die pers\u00f6nlich identifizierbaren Informationen, die uns online zur Verf\u00fcgung gestellt werden, auf eine Weise, die nicht mit den oben beschriebenen zusammenh\u00e4ngt, ohne Ihnen auch die M\u00f6glichkeit zu geben, sich abzumelden oder solche unzusammenh\u00e4ngenden Verwendungen anderweitig zu verbieten.<\/p>\n\n\n\n<h2 class=\"wp-block-heading\">Weitergabe Ihrer pers\u00f6nlichen Informationen<\/h2>\n\n\n\n<p>Wir verkaufen, tauschen oder vermieten keine pers\u00f6nlichen Identifikationsinformationen der Nutzer an andere. Wir k\u00f6nnen generische aggregierte demografische Informationen, die nicht mit pers\u00f6nlichen Identifikationsinformationen bez\u00fcglich Besucher und Nutzer verkn\u00fcpft sind, mit unseren Gesch\u00e4ftspartnern, vertrauensw\u00fcrdigen Partnern und Werbetreibenden f\u00fcr die oben genannten Zwecke teilen.<\/p>\n\n\n\n<h2 class=\"wp-block-heading\">Unser Engagement f\u00fcr Datensicherheit<\/h2>\n\n\n\n<p>Um unbefugten Zugriff zu verhindern, die Datengenauigkeit zu wahren und die korrekte Verwendung von Informationen sicherzustellen, haben wir angemessene physische, elektronische und verwaltungstechnische Verfahren eingerichtet, um die Informationen, die wir online auf der Website sammeln, zu sch\u00fctzen und zu sichern.<\/p>\n\n\n\n<h2 class=\"wp-block-heading\">Unser Engagement f\u00fcr den Datenschutz von Kindern<\/h2>\n\n\n\n<p>Der Schutz der Privatsph\u00e4re der Kleinsten ist besonders wichtig. Aus diesem Grund sammeln oder pflegen wir niemals Informationen auf unserer Website von Personen, von denen wir tats\u00e4chlich wissen, dass sie unter 13 Jahre alt sind, und kein Teil unserer Website ist darauf ausgelegt, Personen unter 13 Jahren anzuziehen.<\/p>\n\n\n\n<h2 class=\"wp-block-heading\">Wie Sie auf Ihre Informationen zugreifen oder sie korrigieren k\u00f6nnen<\/h2>\n\n\n\n<p>Sie k\u00f6nnen auf alle Ihre pers\u00f6nlich identifizierbaren Informationen zugreifen, die wir online sammeln und pflegen, indem Sie uns eine E-Mail senden. Wir verwenden dieses Verfahren, um Ihre Informationen besser zu sch\u00fctzen. Sie k\u00f6nnen sachliche Fehler in Ihren pers\u00f6nlich identifizierbaren Informationen korrigieren, indem Sie uns eine Anfrage senden, die glaubhaft einen Fehler aufzeigt. Um Ihre Privatsph\u00e4re und Sicherheit zu sch\u00fctzen, werden wir auch angemessene Schritte unternehmen, um Ihre Identit\u00e4t zu \u00fcberpr\u00fcfen, bevor wir Zugang gew\u00e4hren oder Korrekturen vornehmen. Sie haben auch die M\u00f6glichkeit, sich von allen von Dante Learning gesendeten E-Mails abzumelden.<\/p>\n\n\n\n<h2 class=\"wp-block-heading\">Kontaktaufnahme mit Ihnen<\/h2>\n\n\n\n<p>Durch die Kontaktaufnahme mit Dante Learning, sei es \u00fcber unsere Online-Formulare oder direkt per E-Mail, geben Sie uns die Erlaubnis, Sie per E-Mail zu kontaktieren. Wenn Sie sich f\u00fcr kostenpflichtige Kurse anmelden, geben Sie uns auch die Erlaubnis, Sie mit Informationen \u00fcber Ihre Kurse, Lehrer und alle von Dante Learning angebotenen Aktionen zu kontaktieren.<\/p>\n\n\n\n<p>Dante Learning wird Ihre E-Mail-Adressen niemals an Dritte verkaufen.<\/p>\n\n\n\n<h2 class=\"wp-block-heading\">GDPR-Rechte (EU-B\u00fcrger)<\/h2>\n\n\n\n<p>Wenn Sie in der Europ\u00e4ischen Union ans\u00e4ssig sind, haben Sie folgende Rechte bez\u00fcglich Ihrer pers\u00f6nlichen Daten:<\/p>\n\n\n\n<ul class=\"wp-block-list\">\n<li><strong>Recht auf Auskunft:<\/strong> Sie k\u00f6nnen eine Kopie der \u00fcber Sie gespeicherten pers\u00f6nlichen Daten anfordern.<\/li>\n\n\n\n<li><strong>Recht auf Berichtigung:<\/strong> Sie k\u00f6nnen die Korrektur unrichtiger pers\u00f6nlicher Daten verlangen.<\/li>\n\n\n\n<li><strong>Recht auf L\u00f6schung:<\/strong> Sie k\u00f6nnen die L\u00f6schung Ihrer pers\u00f6nlichen Daten unter bestimmten Umst\u00e4nden verlangen.<\/li>\n\n\n\n<li><strong>Recht auf Daten\u00fcbertragbarkeit:<\/strong> Sie k\u00f6nnen eine Kopie Ihrer Daten in einem strukturierten Format anfordern.<\/li>\n\n\n\n<li><strong>Recht auf Widerspruch:<\/strong> Sie k\u00f6nnen der Verarbeitung Ihrer pers\u00f6nlichen Daten widersprechen.<\/li>\n<\/ul>\n\n\n\n<p>Um eines dieser Rechte auszu\u00fcben, kontaktieren Sie uns bitte unter deutsch@dante-learning.com.<\/p>\n\n\n\n<h2 class=\"wp-block-heading\">Rechtsgrundlage f\u00fcr die Datenverarbeitung<\/h2>\n\n\n\n<p>Wir verarbeiten Ihre pers\u00f6nlichen Daten auf folgenden Rechtsgrundlagen:<\/p>\n\n\n\n<ul class=\"wp-block-list\">\n<li><strong>Vertragserf\u00fcllung:<\/strong> Zur Bereitstellung der von Ihnen angeforderten Sprachkurse<\/li>\n\n\n\n<li><strong>Berechtigtes Interesse:<\/strong> Zur Verbesserung unserer Dienstleistungen und Kommunikation<\/li>\n\n\n\n<li><strong>Einwilligung:<\/strong> F\u00fcr Marketing-E-Mails (jederzeit widerrufbar)<\/li>\n<\/ul>\n\n\n\n<h2 class=\"wp-block-heading\">Internationale Daten\u00fcbertragung<\/h2>\n\n\n\n<p>Da Dante Learning in Japan ans\u00e4ssig ist, werden Ihre pers\u00f6nlichen Daten m\u00f6glicherweise nach Japan \u00fcbertragen und dort verarbeitet. Wir stellen sicher, dass angemessene Schutzma\u00dfnahmen vorhanden sind, um Ihre Daten gem\u00e4\u00df den GDPR-Standards zu sch\u00fctzen.<\/p>\n\n\n\n<h2 class=\"wp-block-heading\">Kontakt<\/h2>\n\n\n\n<p>Wenn Sie Fragen zu dieser Datenschutzerkl\u00e4rung, den Praktiken dieser Website oder Ihren Gesch\u00e4ften mit dieser Website haben, kontaktieren Sie uns bitte unter:<\/p>\n\n\n\n<p><a href=\"mailto:deutsch@dante-learning.com?subject=Ich habe eine Frage zu Ihrer Datenschutzerkl\u00e4rung\">E-Mail \u00fcber unsere Datenschutzerkl\u00e4rung<\/a><\/p>\n\n\n\n<p><strong>Letzte Aktualisierung:<\/strong> Mai 2025<\/p>\n","protected":false},"excerpt":{"rendered":"<p>Wer wir sind Verantwortlicher f\u00fcr die Datenverarbeitung: Cristiani Riccardo Online Italian School Dante Learning Padova, Italien Musashino City, Tokyo, Japan E-Mail: deutsch@dante-learning.com Diese Datenschutzerkl\u00e4rung regelt die Art und Weise, wie Dante Learning Informationen von Nutzern (jeweils ein &#8222;Nutzer&#8220;) der folgenden Website sammelt, verwendet, pflegt und offenlegt: Dante Learning Deutsch: https:\/\/dante-learning.com\/ger\/ Diese Datenschutzerkl\u00e4rung gilt f\u00fcr die &#8230; <a title=\"Datenschutzerkl\u00e4rung\" class=\"read-more\" href=\"https:\/\/dante-learning.com\/ger\/datenschutz\/\" aria-label=\"Mehr Informationen \u00fcber Datenschutzerkl\u00e4rung\">Read more \u226b<\/a><\/p>\n","protected":false},"author":1,"featured_media":0,"parent":0,"menu_order":0,"comment_status":"closed","ping_status":"open","template":"","meta":{"_bbp_topic_count":0,"_bbp_reply_count":0,"_bbp_total_topic_count":0,"_bbp_total_reply_count":0,"_bbp_voice_count":0,"_bbp_anonymous_reply_count":0,"_bbp_topic_count_hidden":0,"_bbp_reply_count_hidden":0,"_bbp_forum_subforum_count":0,"pmpro_default_level":"","footnotes":""},"class_list":{"0":"post-3","1":"page","2":"type-page","3":"status-publish","5":"pmpro-has-access"},"_links":{"self":[{"href":"https:\/\/dante-learning.com\/ger\/wp-json\/wp\/v2\/pages\/3","targetHints":{"allow":["GET"]}}],"collection":[{"href":"https:\/\/dante-learning.com\/ger\/wp-json\/wp\/v2\/pages"}],"about":[{"href":"https:\/\/dante-learning.com\/ger\/wp-json\/wp\/v2\/types\/page"}],"author":[{"embeddable":true,"href":"https:\/\/dante-learning.com\/ger\/wp-json\/wp\/v2\/users\/1"}],"replies":[{"embeddable":true,"href":"https:\/\/dante-learning.com\/ger\/wp-json\/wp\/v2\/comments?post=3"}],"version-history":[{"count":3,"href":"https:\/\/dante-learning.com\/ger\/wp-json\/wp\/v2\/pages\/3\/revisions"}],"predecessor-version":[{"id":763,"href":"https:\/\/dante-learning.com\/ger\/wp-json\/wp\/v2\/pages\/3\/revisions\/763"}],"wp:attachment":[{"href":"https:\/\/dante-learning.com\/ger\/wp-json\/wp\/v2\/media?parent=3"}],"curies":[{"name":"wp","href":"https:\/\/api.w.org\/{rel}","templated":true}]}}