{"id":56838,"date":"2025-10-29T12:55:23","date_gmt":"2025-10-29T03:55:23","guid":{"rendered":"https:\/\/dante-learning.com\/eng\/?page_id=56838"},"modified":"2025-11-06T21:12:31","modified_gmt":"2025-11-06T12:12:31","slug":"i-vitelloni-donne-italiane-in-bianco-e-nero","status":"publish","type":"page","link":"https:\/\/dante-learning.com\/eng\/i-vitelloni-donne-italiane-in-bianco-e-nero\/","title":{"rendered":"I Vitelloni &#8211; Donne italiane in bianco e nero"},"content":{"rendered":"<div class=\"gb-container gb-container-527cef31\">\n\n<p><\/p>\n\n\n<div class=\"gb-grid-wrapper gb-grid-wrapper-f7400a80\">\n<div class=\"gb-grid-column gb-grid-column-eb6bd5c2\"><div class=\"gb-container gb-container-eb6bd5c2\">\n\n<h1 class=\"gb-headline gb-headline-6124ad19 gb-headline-text\">Donne italiane <br>in Bianco e Nero<br><\/h1>\n\n\n\n<h3 class=\"gb-headline gb-headline-ed9c7339 gb-headline-text\"><strong>3 capolavori del cinema italiano<\/strong><br><br>3 occasioni per esplorare<br>la condizione delle donne italiane <br>nel cinema degli anni &#8217;60<br><br>tra commedia, dramma, violenza e poesia nella societ\u00e0 patriarcale dell&#8217;Italia &#8220;in bianco e nero&#8221;<\/h3>\n\n\n\n<hr class=\"wp-block-separator has-text-color has-alpha-channel-opacity has-background is-style-wide\" style=\"background-color:#ffffff;color:#ffffff\"\/>\n\n\n<div class=\"gb-grid-wrapper gb-grid-wrapper-1f1344a6\">\n<div class=\"gb-grid-column gb-grid-column-76d8124c\"><div class=\"gb-container gb-container-76d8124c\">\n\n<figure class=\"wp-block-image size-large\"><img decoding=\"async\" src=\"https:\/\/blogger.googleusercontent.com\/img\/b\/R29vZ2xl\/AVvXsEg9HK61-SZA6vpvkN3O7oEI7K1-kc2QdsDe__rLRXFE3Y42e4wCbRTKU6M7iUFgERwilF6QwO7L1Uo4xlCrctCsM1m2O2eMLQKUGTFjW9NAQQ7Z6HGcaCKarAVyBYCJ28XoAfstsudrIBs\/s1600\/600full-divorce-italian-style-poster.jpg\" alt=\"\"\/><\/figure>\n\n<\/div><\/div>\n\n<div class=\"gb-grid-column gb-grid-column-a6aa3b66\"><div class=\"gb-container gb-container-a6aa3b66\">\n\n<h3 class=\"gb-headline gb-headline-0e4bc48a gb-headline-text\"><mark style=\"background-color:rgba(0, 0, 0, 0);color:#f3e11d\" class=\"has-inline-color\">1 &#8211; Divorzio all&#8217;italiana (1961) \u2013 Pietro Germi<\/mark><\/h3>\n\n\n\n<p class=\"has-base-3-color has-text-color has-link-color wp-elements-48756152ac78449eb02127082381ef32\">Una commedia nera geniale che smonta l&#8217;ipocrisia della societ\u00e0 siciliana. Marcello Mastroianni \u00e8 il barone Cefal\u00f9 che, per sposare la giovane cugina, progetta l&#8217;omicidio della moglie contando sul &#8220;delitto d&#8217;onore&#8221;. Un capolavoro di satira sociale che denuncia con ironia feroce il maschilismo e l&#8217;arretratezza culturale dell&#8217;Italia del boom.<\/p>\n\n\n\n<p class=\"has-base-3-color has-text-color has-link-color wp-elements-0469915cb123f2b590a1cca3d00d9adf\"><span style=\"caret-color: rgb(0, 0, 0); color: rgb(0, 0, 0); font-family: -webkit-standard; font-size: medium; white-space: normal;\">\ud83c\udfc6&nbsp;<\/span>&nbsp;Vincitore Academy Award per la Miglior Sceneggiatura Originale 1963<br><br><mark style=\"background-color:rgba(0, 0, 0, 0);color:#f3e11d\" class=\"has-inline-color\"><strong>CAST: Marcello Mastroianni, Daniela Rocca, Stefania Sandrelli<\/strong> &#8211; Musiche di <strong>Carlo Rustichelli<\/strong><\/mark><\/p>\n\n<\/div><\/div>\n<\/div>\n\n\n<p class=\"has-base-3-color has-text-color has-link-color wp-elements-15cba656b146e5323ad8361a711ae7dd\"><strong>Zoom Meeting &#8211; Domenica 9 novembre 2025<\/strong><\/p>\n\n\n\n<hr class=\"wp-block-separator has-text-color has-alpha-channel-opacity has-background is-style-wide\" style=\"background-color:#ffffff;color:#ffffff\"\/>\n\n\n<div class=\"gb-grid-wrapper gb-grid-wrapper-88cbf2a1\">\n<div class=\"gb-grid-column gb-grid-column-9f70a60d\"><div class=\"gb-container gb-container-9f70a60d\">\n\n<figure class=\"wp-block-image size-large\"><img decoding=\"async\" src=\"https:\/\/cineuropa.org\/Galleries\/414\/535\/poster_big.jpg?1739715303513\" alt=\"\"\/><\/figure>\n\n<\/div><\/div>\n\n<div class=\"gb-grid-column gb-grid-column-f2ca1337\"><div class=\"gb-container gb-container-f2ca1337\">\n\n<h3 class=\"gb-headline gb-headline-50dd0cfd gb-headline-text\"><mark style=\"background-color:rgba(0, 0, 0, 0);color:#f3e11d\" class=\"has-inline-color\">2 &#8211; Sedotta e abbandonata (1964) \u2013 Pietro Germi<\/mark><\/h3>\n\n\n\n<p class=\"has-base-3-color has-text-color has-link-color wp-elements-2de1b11bacb07bec3bf3a976607d9f84\">Il seguito spirituale di &#8220;Divorzio all&#8217;italiana&#8221;. Stefania Sandrelli \u00e8 Agnese, sedotta dal fidanzato della sorella e poi abbandonata. La famiglia si mobilita per salvare l&#8217;onore con un matrimonio riparatore. Germi dipinge un ritratto impietoso della Sicilia patriarcale, dove l&#8217;onore vale pi\u00f9 della felicit\u00e0 delle donne.<\/p>\n\n\n\n<p class=\"has-base-3-color has-text-color has-link-color wp-elements-775594f93f22bd5e2679c0c931183a5f\"><span style=\"caret-color: rgb(0, 0, 0); color: rgb(0, 0, 0); font-family: -webkit-standard; font-size: medium; white-space: normal;\">\ud83c\udfc6&nbsp;<\/span>&nbsp;Premio per la Migliore Interpretazione Maschile a Cannes (Saro Urz\u00ec)<br><br><mark style=\"background-color:rgba(0, 0, 0, 0);color:#f3e11d\" class=\"has-inline-color\"><strong>CAST: Stefania Sandrelli, Saro Urz\u00ec, Aldo Puglisi<\/strong> &#8211; Musiche di <strong>Carlo Rustichelli<\/strong><\/mark><\/p>\n\n<\/div><\/div>\n<\/div>\n\n\n<p class=\"has-base-3-color has-text-color has-link-color wp-elements-e57f4107390ffe3a0f49051a63acadac\"><strong>Zoom Meeting &#8211; Domenica 16 novembre 2025<\/strong><\/p>\n\n\n\n<hr class=\"wp-block-separator has-text-color has-alpha-channel-opacity has-background is-style-wide\" style=\"background-color:#ffffff;color:#ffffff\"\/>\n\n\n<div class=\"gb-grid-wrapper gb-grid-wrapper-eefda6f2\">\n<div class=\"gb-grid-column gb-grid-column-19046091\"><div class=\"gb-container gb-container-19046091\">\n\n<figure class=\"wp-block-image size-large\"><img loading=\"lazy\" decoding=\"async\" width=\"704\" height=\"1000\" src=\"https:\/\/dante-learning.com\/eng\/wp-content\/uploads\/2025\/10\/316d-sYElHL._AC_UF8941000_QL80_.jpg\" alt=\"\" class=\"wp-image-56870\" srcset=\"https:\/\/dante-learning.com\/eng\/wp-content\/uploads\/2025\/10\/316d-sYElHL._AC_UF8941000_QL80_.jpg 704w, https:\/\/dante-learning.com\/eng\/wp-content\/uploads\/2025\/10\/316d-sYElHL._AC_UF8941000_QL80_-211x300.jpg 211w\" sizes=\"auto, (max-width: 704px) 100vw, 704px\" \/><\/figure>\n\n<\/div><\/div>\n\n<div class=\"gb-grid-column gb-grid-column-415ad334\"><div class=\"gb-container gb-container-415ad334\">\n\n<h3 class=\"gb-headline gb-headline-30e1a8d2 gb-headline-text\"><mark style=\"background-color:rgba(0, 0, 0, 0);color:#f3e11d\" class=\"has-inline-color\">3 &#8211; 8\u00bd Otto e mezzo (1963) \u2013 Federico Fellini<\/mark><\/h3>\n\n\n\n<p class=\"has-base-3-color has-text-color has-link-color wp-elements-9091e599740982d8d99b5142a3c95eb1\">Il capolavoro felliniano attraverso gli occhi delle donne. Guido (Marcello Mastroianni) \u00e8 circondato da figure femminili: la moglie, l&#8217;amante, la musa, la madre. Claudia Cardinale, Anouk Aim\u00e9e e Sandra Milo incarnano archetipi della femminilit\u00e0 nell&#8217;immaginario maschile italiano. Un film sulla crisi creativa che \u00e8 anche uno sguardo sulla complessit\u00e0 delle relazioni tra uomini e donne.<\/p>\n\n\n\n<p class=\"has-base-3-color has-text-color has-link-color wp-elements-953e92500defbf070b11ccac59690c29\"><strong><span style=\"caret-color: rgb(0, 0, 0); color: rgb(0, 0, 0); font-family: -webkit-standard; font-size: medium; white-space: normal;\">\ud83c\udfc6&nbsp;<\/span>&nbsp;Oscar<\/strong>: Miglior Film Straniero e Migliori Costumi 1964<br><strong>\ud83c\udfc6 Festival di Mosca<\/strong>: Gran Premio<br><br><mark style=\"background-color:rgba(0, 0, 0, 0);color:#f3e11d\" class=\"has-inline-color\"><strong>CAST: Marcello Mastroianni, Claudia Cardinale, Anouk Aim\u00e9e, Sandra Milo<\/strong> &#8211; Musiche di <strong>Nino Rota<\/strong><\/mark><\/p>\n\n<\/div><\/div>\n<\/div>\n\n\n<p class=\"has-base-3-color has-text-color has-link-color wp-elements-ced0e2d50c748e3433dce1f4392fb2e9\"><strong>Zoom Meeting &#8211; Domenica 23 novembre 2025<\/strong><\/p>\n\n\n\n<hr class=\"wp-block-separator has-text-color has-alpha-channel-opacity has-background is-style-wide\" style=\"background-color:#ffffff;color:#ffffff\"\/>\n\n\n\n<p class=\"has-base-3-color has-text-color has-link-color wp-elements-d939a1547701fb71a26e6e11d5521926\"><strong><mark style=\"background-color:rgba(0, 0, 0, 0);color:#fffb00\" class=\"has-inline-color\">I film sono disponibili gratuitamente online su YouTube e altre piattaforme di streaming.<\/mark><\/strong><\/p>\n\n<\/div><\/div>\n\n<div class=\"gb-grid-column gb-grid-column-9574109b\"><div class=\"gb-container gb-container-9574109b\">\n<div class=\"gb-container gb-container-add88b94\">\n\n<h1 class=\"gb-headline gb-headline-3b65a667 gb-headline-text\">Film Club Italiano<br>su Zoom<\/h1>\n\n\n\n<p class=\"has-text-align-center\" style=\"font-size:22px\"><strong>Impara l&#8217;italiano al cinema<\/strong><\/p>\n\n\n<div class=\"wp-block-image\">\n<figure class=\"aligncenter size-full is-resized\"><img loading=\"lazy\" decoding=\"async\" width=\"500\" height=\"500\" src=\"https:\/\/dante-learning.com\/eng\/wp-content\/uploads\/2025\/02\/i-vitelloni.webp\" alt=\"\" class=\"wp-image-51991\" style=\"width:211px;height:auto\" srcset=\"https:\/\/dante-learning.com\/eng\/wp-content\/uploads\/2025\/02\/i-vitelloni.webp 500w, https:\/\/dante-learning.com\/eng\/wp-content\/uploads\/2025\/02\/i-vitelloni-300x300.webp 300w, https:\/\/dante-learning.com\/eng\/wp-content\/uploads\/2025\/02\/i-vitelloni-150x150.webp 150w\" sizes=\"auto, (max-width: 500px) 100vw, 500px\" \/><\/figure>\n<\/div>\n\n\n<h2 class=\"gb-headline gb-headline-price-headline gb-headline-text\"><mark style=\"background-color:rgba(0, 0, 0, 0);color:#7e0909\" class=\"has-inline-color\">$59<\/mark><\/h2>\n\n\n\n<h2 class=\"wp-block-heading has-text-align-center\">3 lezioni su Zoom<br><\/h2>\n\n\n\n<h2 class=\"gb-headline gb-headline-6fb9a4fe gb-headline-text\">* Guarda i film prima della lezione<br>* 3 incontri su Zoom (un&#8217;ora) per discutere<br>* 4 studenti max<br>* Insegnante madrelingua<br>* Materiale di studio sul sito<br>* Lettura, recensione e audio, <br>* Quiz sui modi di dire contenuti nei film<br>* Compiti dopo la lezione<\/h2>\n\n\n\n<h2 class=\"gb-headline gb-headline-23b4fe69 gb-headline-text\">POSTI LIMITATI <\/h2>\n\n\n\n<p class=\"has-text-align-center\"><br>Discussione SOLO in italiano<\/p>\n\n\n<div class=\"gb-container gb-container-fe64ec26\">\n\n<h2 class=\"wp-block-heading has-text-align-center has-contrast-color has-text-color has-link-color wp-elements-63747b22a3cb98b52d2e7e2339333b5f\">Domenica x 3 incontri<br><br>16, 23, 30 novembre 2025<\/h2>\n\n<\/div>\n\n\n<p class=\"has-text-align-center\"><strong>USA \/ Canada<\/strong><br>17:00 ET \u2022 16:00 CT \u2022 14:00 PT<\/p>\n\n\n\n<p class=\"has-text-align-center\"><strong>Australia<\/strong><br>Luned\u00ec 17, 24, 31 novembre<br>9:00 AEDT (Sydney)<\/p>\n\n\n\n<hr class=\"wp-block-separator has-alpha-channel-opacity\"\/>\n\n\n<\/p>\n\n\n\n<h2 class=\"wp-block-heading has-text-align-left has-text-color has-link-color wp-elements-886444a3bade39dcdcdb87c1f4155830\" style=\"color:#760e0e;font-size:24px\">1. Login o Registrati con un click<br><br>2. Effettua il pagamento<br><br>3. Aspetta la conferma e comincia a studiare<\/h2>\n\n\n<p>    <div class=\"dante-login-form\">\n        <div class=\"dante-social-btns\">\n            <a href=\"\/eng\/wp-login.php?loginSocial=google&redirect=%2Feng%2Fwp-json%2Fwp%2Fv2%2Fpages%2F56838\" class=\"dante-social-btn\">\n                <svg width=\"18\" height=\"18\" viewBox=\"0 0 24 24\">\n                    <path fill=\"#4285f4\" d=\"M22.56 12.25c0-.78-.07-1.53-.2-2.25H12v4.26h5.92c-.26 1.37-1.04 2.53-2.21 3.31v2.77h3.57c2.08-1.92 3.28-4.74 3.28-8.09z\"\/>\n                    <path fill=\"#34a853\" d=\"M12 23c2.97 0 5.46-.98 7.28-2.66l-3.57-2.77c-.98.66-2.23 1.06-3.71 1.06-2.86 0-5.29-1.93-6.16-4.53H2.18v2.84C3.99 20.53 7.7 23 12 23z\"\/>\n                    <path fill=\"#fbbc05\" d=\"M5.84 14.09c-.22-.66-.35-1.36-.35-2.09s.13-1.43.35-2.09V7.07H2.18C1.43 8.55 1 10.22 1 12s.43 3.45 1.18 4.93l2.85-2.22.81-.62z\"\/>\n                    <path fill=\"#ea4335\" d=\"M12 5.38c1.62 0 3.06.56 4.21 1.64l3.15-3.15C17.45 2.09 14.97 1 12 1 7.7 1 3.99 3.47 2.18 7.07l3.66 2.84c.87-2.6 3.3-4.53 6.16-4.53z\"\/>\n                <\/svg>\n                Continue with Google            <\/a>\n            <a href=\"\/eng\/wp-login.php?loginSocial=facebook&redirect=%2Feng%2Fwp-json%2Fwp%2Fv2%2Fpages%2F56838\" class=\"dante-social-btn\">\n                <svg width=\"18\" height=\"18\" viewBox=\"0 0 24 24\">\n                    <path fill=\"#1877f2\" d=\"M24 12.073c0-6.627-5.373-12-12-12s-12 5.373-12 12c0 5.99 4.388 10.954 10.125 11.854v-8.385H7.078v-3.47h3.047V9.43c0-3.007 1.792-4.669 4.533-4.669 1.312 0 2.686.235 2.686.235v2.953H15.83c-1.491 0-1.956.925-1.956 1.874v2.25h3.328l-.532 3.47h-2.796v8.385C19.612 23.027 24 18.062 24 12.073z\"\/>\n                <\/svg>\n                Continue with Facebook            <\/a>\n        <\/div>\n        \n        <div class=\"dante-divider\"><span>or<\/span><\/div>\n        \n        <form class=\"dante-auth-form\">\n            <input type=\"hidden\" name=\"nonce\" value=\"45cb0e0cca\">\n            <input type=\"hidden\" name=\"redirect\" value=\"\/eng\/wp-json\/wp\/v2\/pages\/56838\">\n            <input type=\"hidden\" name=\"show_register\" value=\"true\">\n            \n            <!-- HONEYPOT FIELD - Anti-Bot Protection -->\n            <div style=\"position: absolute; left: -9999px; top: -9999px; visibility: hidden;\">\n                <label for=\"website\">Website (leave blank)<\/label>\n                <input type=\"text\" name=\"website\" id=\"website\" value=\"\" autocomplete=\"off\" tabindex=\"-1\">\n            <\/div>\n            \n            <div class=\"dante-form-group\">\n                <label>Email<\/label>\n                <input name=\"email\" type=\"email\" placeholder=\"your email address\" required id=\"email\">\n                <div class=\"dante-message\" id=\"email-message\" style=\"display:none;\"><\/div>\n            <\/div>\n            \n            <div class=\"dante-form-group\" id=\"name-field\" style=\"display:none;\">\n                <label>Full Name<\/label>\n                <input name=\"name\" type=\"text\" placeholder=\"Your full name\" id=\"name\">\n            <\/div>\n            \n            <div class=\"dante-form-group\">\n                <label>Password<\/label>\n                <input name=\"password\" type=\"password\" placeholder=\"Enter password\" required id=\"password\">\n            <\/div>\n            \n            <div class=\"dante-gdpr-section\" id=\"gdpr-field\" style=\"display:none;\">\n                <label class=\"dante-checkbox-label\">\n                    <input type=\"checkbox\" name=\"gdpr\" id=\"gdpr\">\n                    <span class=\"dante-checkmark\"><\/span>\n                    I accept the <a href=\"\/eng\/terms\/\" target=\"_blank\">Terms<\/a> and <a href=\"\/eng\/privacy\/\" target=\"_blank\">Privacy Policy<\/a>                <\/label>\n            <\/div>\n            \n            <div class=\"dante-message\" id=\"form-message\" style=\"display:none;\"><\/div>\n            \n            <button type=\"submit\" class=\"dante-btn-primary\" id=\"submit-btn\">Continue<\/button>\n        <\/form>\n    <\/div>\n    \n    <script>\n    jQuery(function($) {\n        let mode = 'login';\n        let timeout;\n        \n        const texts = {\n            continue: 'Continue',\n            signIn: 'Sign In',\n            createAccount: 'Create Account',\n            enterPassword: 'Enter password',\n            enterYourPassword: 'Enter your password',\n            choosePassword: 'Choose a secure password',\n            emailPasswordRequired: 'Email and password are required',\n            nameRequired: 'Full name is required',\n            acceptTerms: 'Please accept Terms and Privacy Policy',\n            processing: '\u23f3 Processing...',\n            success: 'Success! Redirecting...'\n        };\n        \n        $('#email').on('input', function() {\n            const email = $(this).val();\n            const showReg = $('input[name=\"show_register\"]').val();\n            \n            clearTimeout(timeout);\n            \n            if (!email.includes('@')) {\n                resetForm();\n                return;\n            }\n            \n            timeout = setTimeout(() => {\n                $.post('https:\/\/dante-learning.com\/eng\/wp-admin\/admin-ajax.php', {\n                    action: 'dante_check_email',\n                    email: email,\n                    nonce: $('input[name=\"nonce\"]').val()\n                }, function(r) {\n                    if (r.success) {\n                        if (r.data.exists) {\n                            setLoginMode();\n                        } else if (showReg === 'true') {\n                            setRegisterMode();\n                        } else {\n                            setLoginMode();\n                        }\n                    }\n                });\n            }, 800);\n        });\n        \n        function resetForm() {\n            $('#name-field, #gdpr-field').hide();\n            $('#submit-btn').text(texts.continue);\n            $('#password').attr('placeholder', texts.enterPassword);\n        }\n        \n        function setLoginMode() {\n            mode = 'login';\n            $('#name-field, #gdpr-field').hide();\n            $('#submit-btn').text(texts.signIn);\n            $('#password').attr('placeholder', texts.enterYourPassword);\n        }\n        \n        function setRegisterMode() {\n            mode = 'register';\n            $('#name-field, #gdpr-field').show();\n            $('#submit-btn').text(texts.createAccount);\n            $('#password').attr('placeholder', texts.choosePassword);\n        }\n        \n        function showMessage(message, type = 'error') {\n            const messageDiv = $('#form-message');\n            messageDiv.removeClass('dante-success dante-error').addClass('dante-' + type);\n            messageDiv.text(message).show();\n            setTimeout(() => messageDiv.hide(), 5000);\n        }\n        \n        $('.dante-auth-form').on('submit', function(e) {\n            e.preventDefault();\n            \n            const email = $('#email').val();\n            const password = $('#password').val();\n            const name = $('#name').val();\n            const gdpr = $('#gdpr').is(':checked');\n            const redirect = $('input[name=\"redirect\"]').val();\n            \n            if (!email || !password) {\n                showMessage(texts.emailPasswordRequired);\n                return;\n            }\n            \n            if (mode === 'register') {\n                if (!name) {\n                    showMessage(texts.nameRequired);\n                    return;\n                }\n                if (!gdpr) {\n                    showMessage(texts.acceptTerms);\n                    return;\n                }\n            }\n            \n            $('#submit-btn').prop('disabled', true).text(texts.processing);\n            $('#form-message').hide();\n            \n            $.post('https:\/\/dante-learning.com\/eng\/wp-admin\/admin-ajax.php', {\n                action: 'dante_process_auth',\n                mode: mode,\n                email: email,\n                password: password,\n                name: name,\n                redirect: redirect,\n                website: $('#website').val(),\n                nonce: $('input[name=\"nonce\"]').val()\n            }, function(r) {\n                if (r.success) {\n                    showMessage(texts.success, 'success');\n                    setTimeout(() => window.location.href = r.data.redirect, 1000);\n                } else {\n                    showMessage(r.data);\n                    $('#submit-btn').prop('disabled', false).text(mode === 'login' ? texts.signIn : texts.createAccount);\n                }\n            });\n        });\n    });\n    <\/script>\n    <\/p>\n\n\n<p>\n\n\n\n\n<\/div>\n\n\n<hr class=\"wp-block-separator has-text-color has-alpha-channel-opacity has-background is-style-wide\" style=\"background-color:#ffffff;color:#ffffff\"\/>\n\n<\/div><\/div>\n<\/div>\n\n\n<p><\/p>\n\n\n\n<p><\/p>\n\n<\/div>\n\n\n<p><\/p>\n","protected":false},"excerpt":{"rendered":"","protected":false},"author":10020,"featured_media":0,"parent":0,"menu_order":0,"comment_status":"closed","ping_status":"closed","template":"","meta":{"_bbp_topic_count":0,"_bbp_reply_count":0,"_bbp_total_topic_count":0,"_bbp_total_reply_count":0,"_bbp_voice_count":0,"_bbp_anonymous_reply_count":0,"_bbp_topic_count_hidden":0,"_bbp_reply_count_hidden":0,"_bbp_forum_subforum_count":0,"pmpro_default_level":"","footnotes":""},"categories":[],"tags":[],"class_list":{"0":"post-56838","1":"page","2":"type-page","3":"status-publish","5":"no-featured-image-padding","6":"pmpro-has-access"},"_links":{"self":[{"href":"https:\/\/dante-learning.com\/eng\/wp-json\/wp\/v2\/pages\/56838","targetHints":{"allow":["GET"]}}],"collection":[{"href":"https:\/\/dante-learning.com\/eng\/wp-json\/wp\/v2\/pages"}],"about":[{"href":"https:\/\/dante-learning.com\/eng\/wp-json\/wp\/v2\/types\/page"}],"author":[{"embeddable":true,"href":"https:\/\/dante-learning.com\/eng\/wp-json\/wp\/v2\/users\/10020"}],"replies":[{"embeddable":true,"href":"https:\/\/dante-learning.com\/eng\/wp-json\/wp\/v2\/comments?post=56838"}],"version-history":[{"count":3,"href":"https:\/\/dante-learning.com\/eng\/wp-json\/wp\/v2\/pages\/56838\/revisions"}],"predecessor-version":[{"id":57017,"href":"https:\/\/dante-learning.com\/eng\/wp-json\/wp\/v2\/pages\/56838\/revisions\/57017"}],"wp:attachment":[{"href":"https:\/\/dante-learning.com\/eng\/wp-json\/wp\/v2\/media?parent=56838"}],"wp:term":[{"taxonomy":"category","embeddable":true,"href":"https:\/\/dante-learning.com\/eng\/wp-json\/wp\/v2\/categories?post=56838"},{"taxonomy":"post_tag","embeddable":true,"href":"https:\/\/dante-learning.com\/eng\/wp-json\/wp\/v2\/tags?post=56838"}],"curies":[{"name":"wp","href":"https:\/\/api.w.org\/{rel}","templated":true}]}}