{"id":52461,"date":"2025-03-11T17:22:43","date_gmt":"2025-03-11T08:22:43","guid":{"rendered":"https:\/\/dante-learning.com\/eng\/?page_id=52461"},"modified":"2025-04-29T20:07:48","modified_gmt":"2025-04-29T11:07:48","slug":"i-vitelloni-italian-film-club","status":"publish","type":"page","link":"https:\/\/dante-learning.com\/eng\/i-vitelloni-italian-film-club\/","title":{"rendered":"&#8220;I Vitelloni&#8221; &#8211; Italian Film Club"},"content":{"rendered":"<div class=\"gb-container gb-container-6eecb006\">\n\n<p><\/p>\n\n\n<div class=\"gb-grid-wrapper gb-grid-wrapper-5f45dc44\">\n<div class=\"gb-grid-column gb-grid-column-ea9bc182\"><div class=\"gb-container gb-container-ea9bc182\">\n\n<h1 class=\"gb-headline gb-headline-fe6e7253 gb-headline-text\">Quattro Film sul Vaticano<\/h1>\n\n\n\n<h3 class=\"gb-headline gb-headline-595f8283 gb-headline-text\">4 incontri su Zoom per discutere di 4 capolavori<\/h3>\n\n\n\n<hr class=\"wp-block-separator has-text-color has-alpha-channel-opacity has-background is-style-wide\" style=\"background-color:#ffffff;color:#ffffff\"\/>\n\n\n<div class=\"gb-grid-wrapper gb-grid-wrapper-81c07ec9\">\n<div class=\"gb-grid-column gb-grid-column-edf8829a\"><div class=\"gb-container gb-container-edf8829a\">\n\n<figure class=\"wp-block-image size-full is-resized\"><img loading=\"lazy\" decoding=\"async\" width=\"250\" height=\"366\" src=\"https:\/\/dante-learning.com\/eng\/wp-content\/uploads\/2025\/04\/image.png\" alt=\"\" class=\"wp-image-53581\" style=\"width:324px;height:auto\" srcset=\"https:\/\/dante-learning.com\/eng\/wp-content\/uploads\/2025\/04\/image.png 250w, https:\/\/dante-learning.com\/eng\/wp-content\/uploads\/2025\/04\/image-205x300.png 205w\" sizes=\"auto, (max-width: 250px) 100vw, 250px\" \/><\/figure>\n\n<\/div><\/div>\n\n<div class=\"gb-grid-column gb-grid-column-0e42496b\"><div class=\"gb-container gb-container-0e42496b\">\n\n<h3 class=\"gb-headline gb-headline-82116547 gb-headline-text\">1 &#8211; L&#8217;udienza (1972) &#8211; Marco Ferreri <\/h3>\n\n\n\n<p class=\"has-base-3-color has-text-color has-link-color wp-elements-7ae3b21077031ef1311e76c0e05d980d\">Amedeo viaggia dal Nord Italia a Roma per incontrare il Papa. <br>I suoi tentativi insistenti iniziano a irritare i funzionari del Vaticano. Dramma satirico del maestro Marco Ferreri, nella lista dei 100 migliori film italiani di tutti i tempi. Cast stellare!<br><br><strong>CAST: Claudia Cardinale, Vittorio Gassman, Ugo Tognazzi, Enzo Jannacci<\/strong><\/p>\n\n<\/div><\/div>\n<\/div>\n\n\n<p class=\"has-base-3-color has-text-color has-link-color wp-elements-487f91a413053ee179c917397599634b\">Zoom Meeting &#8211; US &amp; Canada &#8211; Domenica 4 maggio <strong>oppure<\/strong> Gioved\u00ec 8 maggio alle 18:00 Eastern, 17:00 Central, 15:00 Pacific<\/p>\n\n\n\n<hr class=\"wp-block-separator has-text-color has-alpha-channel-opacity has-background is-style-wide\" style=\"background-color:#ffffff;color:#ffffff\"\/>\n\n\n<div class=\"gb-grid-wrapper gb-grid-wrapper-9a53a6d8\">\n<div class=\"gb-grid-column gb-grid-column-b8aaaa75\"><div class=\"gb-container gb-container-b8aaaa75\">\n\n<figure class=\"wp-block-image size-full is-resized\"><img loading=\"lazy\" decoding=\"async\" width=\"300\" height=\"458\" src=\"https:\/\/dante-learning.com\/eng\/wp-content\/uploads\/2025\/04\/Screenshot-2025-04-23-at-00.45.52.webp\" alt=\"\" class=\"wp-image-53587\" style=\"width:316px;height:auto\" srcset=\"https:\/\/dante-learning.com\/eng\/wp-content\/uploads\/2025\/04\/Screenshot-2025-04-23-at-00.45.52.webp 300w, https:\/\/dante-learning.com\/eng\/wp-content\/uploads\/2025\/04\/Screenshot-2025-04-23-at-00.45.52-197x300.webp 197w\" sizes=\"auto, (max-width: 300px) 100vw, 300px\" \/><\/figure>\n\n<\/div><\/div>\n\n<div class=\"gb-grid-column gb-grid-column-be0451d2\"><div class=\"gb-container gb-container-be0451d2\">\n\n<h3 class=\"gb-headline gb-headline-f7431319 gb-headline-text\">2 &#8211; Habemus Papam (2011) &#8211; Nanni Moretti<\/h3>\n\n\n\n<p class=\"has-base-3-color has-text-color has-link-color wp-elements-c63a1c1c0c7b31f2c6ff0e736bcb521c\">In Vaticano, il nuovo Papa eletto \u00e8 colto da crisi di panico e fugge letteralmente dalle proprie responsabilit\u00e0. Un famoso psicoanalista (Nanni Moretti) viene chiamato per aiutarlo, ma si trova in un ambiente surreale. Dramma e commedia in stile Moretti con il leggendario Michel Piccoli, Premio David di Donatello come miglior attore.<br><br><strong>CAST: Nanni Moretti, Michel Piccoli, Margherita Buy, Renato Scarpa<\/strong><\/p>\n\n<\/div><\/div>\n<\/div>\n\n\n<p class=\"has-base-3-color has-text-color has-link-color wp-elements-c1884deb53e031d7296641a59603058b\">Zoom Meeting &#8211; US &amp; Canada &#8211; Domenica 11 maggio <strong>oppure<\/strong> Gioved\u00ec 15 maggio alle 18:00 Eastern, 17:00 Central, 15:00 Pacific<\/p>\n\n\n\n<hr class=\"wp-block-separator has-text-color has-alpha-channel-opacity has-background is-style-wide\" style=\"background-color:#ffffff;color:#ffffff\"\/>\n\n\n<div class=\"gb-grid-wrapper gb-grid-wrapper-afdde526\">\n<div class=\"gb-grid-column gb-grid-column-49fbd5db\"><div class=\"gb-container gb-container-49fbd5db\">\n\n<figure class=\"wp-block-image size-full\"><img loading=\"lazy\" decoding=\"async\" width=\"350\" height=\"500\" src=\"https:\/\/dante-learning.com\/eng\/wp-content\/uploads\/2025\/04\/rapito.webp\" alt=\"\" class=\"wp-image-53597\" srcset=\"https:\/\/dante-learning.com\/eng\/wp-content\/uploads\/2025\/04\/rapito.webp 350w, https:\/\/dante-learning.com\/eng\/wp-content\/uploads\/2025\/04\/rapito-210x300.webp 210w\" sizes=\"auto, (max-width: 350px) 100vw, 350px\" \/><\/figure>\n\n<\/div><\/div>\n\n<div class=\"gb-grid-column gb-grid-column-75bfa855\"><div class=\"gb-container gb-container-75bfa855\">\n\n<h3 class=\"gb-headline gb-headline-27c9a745 gb-headline-text\">3 &#8211; Rapito (2023) &#8211; Marco Bellocchio<\/h3>\n\n\n\n<p class=\"has-base-3-color has-text-color has-link-color wp-elements-1312ac640f054592d391fa690b5c099a\">Nel 1858, a Bologna, il piccolo Edgardo viene sottratto alla sua famiglia ebraica dai soldati del Papa. I genitori, disperati, intraprendono una battaglia legale, ma Pio IX si oppone. Dramma storico del maestro Bellocchio, candidato alla Palma d&#8217;oro al Festival di Cannes.<br><br><strong><strong>CAST: Enea Sala, <\/strong>Paolo Pierobon, Barbara Ronchi, Fabrizio Gifuni<\/strong><\/p>\n\n<\/div><\/div>\n<\/div>\n\n\n<p class=\"has-base-3-color has-text-color has-link-color wp-elements-da2a9249e53175ec3998bb62b03e1166\">Zoom Meeting &#8211; US &amp; Canada &#8211; Domenica 18 maggio <strong>oppure<\/strong> Gioved\u00ec 22 maggio alle 18:00 Eastern, 17:00 Central, 15:00 Pacific<\/p>\n\n\n\n<hr class=\"wp-block-separator has-text-color has-alpha-channel-opacity has-background is-style-wide\" style=\"background-color:#ffffff;color:#ffffff\"\/>\n\n\n<div class=\"gb-grid-wrapper gb-grid-wrapper-98ffc608\">\n<div class=\"gb-grid-column gb-grid-column-84e61674\"><div class=\"gb-container gb-container-84e61674\">\n\n<figure class=\"wp-block-image size-full\"><img loading=\"lazy\" decoding=\"async\" width=\"255\" height=\"378\" src=\"https:\/\/dante-learning.com\/eng\/wp-content\/uploads\/2025\/04\/image-1.png\" alt=\"\" class=\"wp-image-53602\" srcset=\"https:\/\/dante-learning.com\/eng\/wp-content\/uploads\/2025\/04\/image-1.png 255w, https:\/\/dante-learning.com\/eng\/wp-content\/uploads\/2025\/04\/image-1-202x300.png 202w\" sizes=\"auto, (max-width: 255px) 100vw, 255px\" \/><\/figure>\n\n<\/div><\/div>\n\n<div class=\"gb-grid-column gb-grid-column-6432023f\"><div class=\"gb-container gb-container-6432023f\">\n\n<h3 class=\"gb-headline gb-headline-13e8681f gb-headline-text\">4 &#8211; Conclave (2024) &#8211; Edward Berger<\/h3>\n\n\n\n<p class=\"has-base-3-color has-text-color has-link-color wp-elements-174b3794d72b50cc982addfb776161c6\">Concludiamo con il famoso nuovo thriller holliwoodiano, basato sul romanzo di Robert Harris. <span style=\"text-decoration: underline;\">Il film \u00e8 in inglese<\/span> e ci servir\u00e0 per discutere (in italiano!) il differente approccio cinematografico dei maestri del cinema italiano, paragonato allo stile narrativo americano contemporaneo. Il tema dell&#8217;opera \u00e8, ovviamente, la scelta del nuovo Papa. <br><br><strong>CAST: Ralph Fiennes, Stanley Tucci, John Lithgow, Sergio Castellitto, Isabella Rossellini<\/strong><\/p>\n\n<\/div><\/div>\n<\/div>\n\n\n<p class=\"has-base-3-color has-text-color has-link-color wp-elements-89060d26db748bf332bd078c08b281f0\"><br>Zoom Meeting &#8211; US &amp; Canada &#8211; Domenica 25 maggio <strong>oppure<\/strong> Gioved\u00ec 29 maggio alle 18:00 Eastern, 17:00 Central, 15:00 Pacific<\/p>\n\n\n\n<hr class=\"wp-block-separator has-text-color has-alpha-channel-opacity has-background is-style-wide\" style=\"background-color:#ffffff;color:#ffffff\"\/>\n\n\n\n<p class=\"has-base-3-color has-text-color has-link-color wp-elements-a6e529d16fcdbdad1a8999131124cfd5\">Alcuni film sono disponibili gratuitamente online, altri acquistabili su Amazon Prime e altre piattaforme di streaming.<\/p>\n\n<\/div><\/div>\n\n<div class=\"gb-grid-column gb-grid-column-e0e692b1\"><div class=\"gb-container gb-container-e0e692b1\">\n<div class=\"gb-container gb-container-35919622\">\n\n<h1 class=\"gb-headline gb-headline-629cd890 gb-headline-text\">Italian Film Club<br>on Zoom <\/h1>\n\n\n\n<p class=\"has-text-align-center\" style=\"font-size:22px\"><strong>Impara l&#8217;italiano al cinema<\/strong><\/p>\n\n\n<div class=\"wp-block-image\">\n<figure class=\"aligncenter size-full is-resized\"><img loading=\"lazy\" decoding=\"async\" width=\"500\" height=\"500\" src=\"https:\/\/dante-learning.com\/eng\/wp-content\/uploads\/2025\/02\/i-vitelloni.webp\" alt=\"\" class=\"wp-image-51991\" style=\"width:211px;height:auto\" srcset=\"https:\/\/dante-learning.com\/eng\/wp-content\/uploads\/2025\/02\/i-vitelloni.webp 500w, https:\/\/dante-learning.com\/eng\/wp-content\/uploads\/2025\/02\/i-vitelloni-300x300.webp 300w, https:\/\/dante-learning.com\/eng\/wp-content\/uploads\/2025\/02\/i-vitelloni-150x150.webp 150w\" sizes=\"auto, (max-width: 500px) 100vw, 500px\" \/><\/figure>\n<\/div>\n\n\n<h2 class=\"gb-headline gb-headline-f012b446 gb-headline-text\"><br>* 4 incontri su Zoom (un&#8217;ora)<br>* 4 &#8211; 6 studenti<br>* Insegnante madrelingua<br>* Materiale di studio sul sito<\/h2>\n\n\n\n<p><\/p>\n\n\n<div class=\"gb-container gb-container-edd6c729\">\n\n<a class=\"gb-button gb-button-2c3f60be gb-button-text\" href=\"#adesso\" rel=\"nofollow\">$99 &#8211; iscriviti adesso<\/a>\n\n\n\n<hr class=\"wp-block-separator has-alpha-channel-opacity\"\/>\n\n<\/div>\n<\/div>\n\n<div class=\"gb-container gb-container-668af19b\">\n\n<p class=\"has-text-align-left has-base-3-color has-text-color has-link-color wp-elements-c2e9c6ea881287a6d908dabf12ccd104\"><strong>\ud83d\udcc5 Quattro incontri su Zoom:<\/strong> Ogni settimana, un\u2019ora di discussione per analizzare insieme i quattro film. <br><\/p>\n\n\n\n<p class=\"has-text-align-left has-base-3-color has-text-color has-link-color wp-elements-1ce8a7aea9547abb1f0307094f771a3d\"><strong>\ud83d\udde3\ufe0f Livello intermedio-avanzato:<\/strong> Il corso \u00e8 pensato per studenti che possono comunicare solo in italiano.<br><\/p>\n\n\n\n<p class=\"has-text-align-left has-base-3-color has-text-color has-link-color wp-elements-c8cb1c426ed2eaa8426577ddd981b46e\"><strong>\ud83d\udc69\u200d\ud83c\udfeb Insegnante madrelingua:<\/strong> Un insegnante italiano guider\u00e0 la discussione, moderer\u00e0 il gruppo e corregger\u00e0 eventuali compiti.<br><\/p>\n\n\n\n<p class=\"has-text-align-left has-base-3-color has-text-color has-link-color wp-elements-cfa185686492fffb7222fd6ef072d8f4\"><strong>\ud83d\udcd6 Materiale di studio sul nostro sito, per ogni film:<\/strong> Trama, personaggi e avvenimenti principali e un quiz di comprensione.<\/p>\n\n\n\n<hr class=\"wp-block-separator has-text-color has-alpha-channel-opacity has-background is-style-wide\" style=\"background-color:#ffffff;color:#ffffff\"\/>\n\n\n<div class=\"gb-container gb-container-fb1de503\" id=\"articolata-o-no\"><div class=\"gb-inside-container\">\n\n<h2 class=\"wp-block-heading has-text-align-center has-base-3-color has-text-color has-link-color wp-elements-62fea26fcdc260591362ea40a3966dfa\">Calendario<\/h2>\n\n\n\n<h2 class=\"wp-block-heading has-text-align-center has-base-3-color has-text-color has-link-color wp-elements-a0efecbdf03a1a53b974f13743de97be\">US \/ Canada<\/h2>\n\n\n\n<ul class=\"wp-block-list\">\n<li class=\"has-base-3-color has-text-color has-link-color\"><strong><u>Domenica<\/u><\/strong> 11 maggio<br> 18 maggio, 25 maggio, 1 giugno <br> 18:00 Eastern, 17:00 Central, 15:00 Pacific<br><\/li>\n\n\n\n<li class=\"has-base-3-color has-text-color has-link-color\"><strong><u>Gioved\u00ec<\/u><\/strong> 8 maggio, 15 maggio<br> 22 maggio, 29 maggio <br> 18:00 Eastern, 17:00 Central, 15:00 Pacific<\/li>\n<\/ul>\n\n\n\n<h2 class=\"wp-block-heading has-text-align-center has-base-3-color has-text-color has-link-color wp-elements-74bd77f2bd08e128afa229ad60808400\">Australia AEST<\/h2>\n\n\n\n<ul class=\"wp-block-list\">\n<li class=\"has-base-3-color has-text-color has-link-color\"><strong><u>Luned\u00ec<\/u><\/strong> 5 maggio, 12 maggio<br> 19 maggio, 26 maggio <br> 08:00 Sydney time<\/li>\n\n\n\n<li class=\"has-base-3-color has-text-color has-link-color\"><strong><u>Venerd\u00ec<\/u><\/strong> 9 maggio, 16 maggio<br> 23 maggio, 30 maggio <br> 08:00 Sydney time<\/li>\n<\/ul>\n\n<\/div><\/div>\n<\/div>\n<\/div><\/div>\n<\/div>\n\n\n<p><\/p>\n\n\n\n<p><\/p>\n\n<\/div>\n\n<div class=\"gb-container gb-container-36c830fd\">\n<div class=\"gb-grid-wrapper gb-grid-wrapper-d177d30e\">\n<div class=\"gb-grid-column gb-grid-column-42d7b6fe\"><div class=\"gb-container gb-container-42d7b6fe\">\n<div class=\"gb-container gb-container-de444e8a\" id=\"adesso\"><div class=\"gb-inside-container\">\n\n<h1 class=\"gb-headline gb-headline-9f910ef7 gb-headline-text\">Italian Film Club on Zoom<\/h1>\n\n\n\n<p><\/p>\n\n\n<div class=\"wp-block-image\">\n<figure class=\"aligncenter size-full is-resized\"><img loading=\"lazy\" decoding=\"async\" width=\"500\" height=\"500\" src=\"https:\/\/dante-learning.com\/eng\/wp-content\/uploads\/2025\/02\/i-vitelloni.webp\" alt=\"\" class=\"wp-image-51991\" style=\"width:225px;height:auto\" srcset=\"https:\/\/dante-learning.com\/eng\/wp-content\/uploads\/2025\/02\/i-vitelloni.webp 500w, https:\/\/dante-learning.com\/eng\/wp-content\/uploads\/2025\/02\/i-vitelloni-300x300.webp 300w, https:\/\/dante-learning.com\/eng\/wp-content\/uploads\/2025\/02\/i-vitelloni-150x150.webp 150w\" sizes=\"auto, (max-width: 500px) 100vw, 500px\" \/><\/figure>\n<\/div>\n\n\n<hr class=\"wp-block-separator has-alpha-channel-opacity\"\/>\n\n\n\n<h1 class=\"gb-headline gb-headline-d6f292e2 gb-headline-text\">quattro film sul vaticano<\/h1>\n\n\n\n<hr class=\"wp-block-separator has-alpha-channel-opacity\"\/>\n\n\n\n<h2 class=\"gb-headline gb-headline-92efb36a gb-headline-text\">Enrollment<\/h2>\n\n\n\n<h2 class=\"gb-headline gb-headline-b4ebd1b7 gb-headline-text\">$99 <br>4 lessons<br>one payment<\/h2>\n\n\n\n<hr class=\"wp-block-separator has-alpha-channel-opacity\"\/>\n\n\n<p><\/p>\n\n\n<div class=\"gb-button-wrapper gb-button-wrapper-715bb25d\">\n\n<a class=\"gb-button gb-button-13278dab gb-button-text\" href=\"https:\/\/dante-learning.com\/eng\/login-2\/?redirect_to=https%3A%2F%2Fdante-learning.com%2Feng%2Fi-vitelloni-italian-film-club%2F\" rel=\"nofollow\">login if you are a member<\/a>\n\n<\/div>\n\n\n<h2 class=\"gb-headline gb-headline-d9750c1d gb-headline-text\">or subscribe<br>if you&#8217;re new<\/h2>\n\n\n<p><\/p>\n\n\n<p><\/p>\n\n\n\n<h3 class=\"gb-headline gb-headline-470d22be gb-headline-text\">Ciao  <\/h3>\n\n\n<p><\/p>\n\n\n<p><\/p>\n\n\n<div class=\"wp-block-image\">\n<figure class=\"aligncenter size-full is-resized\"><img loading=\"lazy\" decoding=\"async\" width=\"300\" height=\"300\" src=\"https:\/\/dante-learning.com\/eng\/wp-content\/uploads\/2025\/02\/cards.webp\" alt=\"\" class=\"wp-image-51865\" style=\"width:187px;height:auto\" srcset=\"https:\/\/dante-learning.com\/eng\/wp-content\/uploads\/2025\/02\/cards.webp 300w, https:\/\/dante-learning.com\/eng\/wp-content\/uploads\/2025\/02\/cards-150x150.webp 150w\" sizes=\"auto, (max-width: 300px) 100vw, 300px\" \/><\/figure>\n<\/div>\n\n\n<h1 class=\"gb-headline gb-headline-39ba4783 gb-headline-text\">\ud83d\udd12<\/h1>\n\n\n\n<p class=\"has-text-align-center\"><br> Cards, PayPal, Apple Pay, Google Pay<br>Link Pay and more<br><br> Secure Payments through <a href=\"https:\/\/stripe.com\/payments\" target=\"_blank\" rel=\"noreferrer noopener\">Stripe<\/a><\/p>\n\n\n\n<hr class=\"wp-block-separator has-alpha-channel-opacity\"\/>\n\n\n<div class=\"wp-block-image\">\n<figure class=\"aligncenter size-full is-resized\"><img loading=\"lazy\" decoding=\"async\" width=\"350\" height=\"80\" src=\"https:\/\/dante-learning.com\/eng\/wp-content\/uploads\/2017\/04\/logo-satisfy.png\" alt=\"\" class=\"wp-image-19183\" style=\"width:158px;height:auto\"\/><\/figure>\n<\/div>\n<\/div><\/div>\n\n\n<p><\/p>\n\n<\/div><\/div>\n<\/div>\n<\/div>\n\n\n<p><\/p>\n","protected":false},"excerpt":{"rendered":"","protected":false},"author":10020,"featured_media":53655,"parent":0,"menu_order":0,"comment_status":"closed","ping_status":"closed","template":"","meta":{"_bbp_topic_count":0,"_bbp_reply_count":0,"_bbp_total_topic_count":0,"_bbp_total_reply_count":0,"_bbp_voice_count":0,"_bbp_anonymous_reply_count":0,"_bbp_topic_count_hidden":0,"_bbp_reply_count_hidden":0,"_bbp_forum_subforum_count":0,"pmpro_default_level":"","footnotes":""},"categories":[],"tags":[],"class_list":{"0":"post-52461","1":"page","2":"type-page","3":"status-publish","4":"has-post-thumbnail","6":"no-featured-image-padding","7":"pmpro-has-access"},"_links":{"self":[{"href":"https:\/\/dante-learning.com\/eng\/wp-json\/wp\/v2\/pages\/52461","targetHints":{"allow":["GET"]}}],"collection":[{"href":"https:\/\/dante-learning.com\/eng\/wp-json\/wp\/v2\/pages"}],"about":[{"href":"https:\/\/dante-learning.com\/eng\/wp-json\/wp\/v2\/types\/page"}],"author":[{"embeddable":true,"href":"https:\/\/dante-learning.com\/eng\/wp-json\/wp\/v2\/users\/10020"}],"replies":[{"embeddable":true,"href":"https:\/\/dante-learning.com\/eng\/wp-json\/wp\/v2\/comments?post=52461"}],"version-history":[{"count":0,"href":"https:\/\/dante-learning.com\/eng\/wp-json\/wp\/v2\/pages\/52461\/revisions"}],"wp:featuredmedia":[{"embeddable":true,"href":"https:\/\/dante-learning.com\/eng\/wp-json\/wp\/v2\/media\/53655"}],"wp:attachment":[{"href":"https:\/\/dante-learning.com\/eng\/wp-json\/wp\/v2\/media?parent=52461"}],"wp:term":[{"taxonomy":"category","embeddable":true,"href":"https:\/\/dante-learning.com\/eng\/wp-json\/wp\/v2\/categories?post=52461"},{"taxonomy":"post_tag","embeddable":true,"href":"https:\/\/dante-learning.com\/eng\/wp-json\/wp\/v2\/tags?post=52461"}],"curies":[{"name":"wp","href":"https:\/\/api.w.org\/{rel}","templated":true}]}}