{"id":19994,"date":"2018-02-14T04:13:36","date_gmt":"2018-02-13T19:13:36","guid":{"rendered":"https:\/\/dante-learning.com\/eng\/?page_id=19994"},"modified":"2025-11-01T19:09:28","modified_gmt":"2025-11-01T10:09:28","slug":"blog-2","status":"publish","type":"page","link":"https:\/\/dante-learning.com\/eng\/blog-2\/","title":{"rendered":"Study Italian with Dante Learning"},"content":{"rendered":"<div class=\"gb-container gb-container-518e85d6\">\n<div class=\"gb-container gb-container-2c64dfa4\">\n<div class=\"gb-container gb-container-bc118554\">\n<div class=\"gb-container gb-container-420cfb1e\">\n\n<h2 class=\"gb-headline gb-headline-89faaa91 gb-headline-text\">Free Italian Learning Materials<\/h2>\n\n\n\n<p>All content on this page is freely accessible.<br>Interactive quizzes are available to friends who choose our <strong>Freemium option<\/strong> \u2013 a free registration with just one click.<br><br>Learning Italian is exciting and sometimes challenging.<br>We hope our exercises help you improve.<br><br>Have fun learning, and <strong><em>buono studio!<\/em><\/strong><\/p>\n\n\n<div class=\"gb-container gb-container-f7674b90\">\n\n<h2 class=\"gb-headline gb-headline-df3e18c0 gb-headline-text\">Search<\/h2>\n\n\n<form role=\"search\" method=\"get\" action=\"https:\/\/dante-learning.com\/eng\/\" class=\"wp-block-search__no-button aligncenter wp-block-search\"    ><label class=\"wp-block-search__label screen-reader-text\" for=\"wp-block-search__input-1\" >Search<\/label><div class=\"wp-block-search__inside-wrapper\" ><input class=\"wp-block-search__input\" id=\"wp-block-search__input-1\" placeholder=\"inserisci una parola chiave\" value=\"\" type=\"search\" name=\"s\" required \/><\/div><\/form>\n<\/div>\n\n\n<hr class=\"wp-block-separator has-alpha-channel-opacity\"\/>\n\n<\/div>\n<\/div>\n\n<div class=\"gb-container gb-container-3bdd4b53\">\n\n<div class=\"gb-grid-wrapper gb-grid-wrapper-276e3bfc gb-query-loop-wrapper\">\n<div class=\"gb-grid-column gb-grid-column-534d91eb gb-query-loop-item post-57582 post type-post status-publish format-standard hentry category-lingua pmpro-has-access\"><div class=\"gb-container gb-container-534d91eb\">\n<div class=\"gb-container gb-container-01997210\">\n<h3 class=\"gb-headline gb-headline-2d9bc049 gb-headline-text\"><a href=\"https:\/\/dante-learning.com\/eng\/di-o-a-con-linfinito-scopri-la-logica-per-non-sbagliare-piu\/\">DI o A con l&#8217;infinito? Scopri la logica per non sbagliare pi\u00f9<\/a><\/h3>\n\n<div class=\"gb-headline gb-headline-4df9fed6 gb-headline-text\">Scegliere tra DI o A con l&#8217;infinito \u00e8 una delle difficolt\u00e0 pi\u00f9 comuni per chi studia l&#8217;italiano. Perch\u00e9 si dice &#8220;spero DI partire&#8221; ma &#8230;<\/div>\n\n<div class=\"gb-container gb-container-3fb89cf5\">\n\n<figure class=\"wp-block-image size-thumbnail is-resized\"><img loading=\"lazy\" decoding=\"async\" width=\"150\" height=\"150\" src=\"https:\/\/dante-learning.com\/eng\/wp-content\/uploads\/2025\/01\/fannulloni-uomo-1-150x150.webp\" alt=\"\" class=\"wp-image-50743\" style=\"width:48px;height:auto\" srcset=\"https:\/\/dante-learning.com\/eng\/wp-content\/uploads\/2025\/01\/fannulloni-uomo-1-150x150.webp 150w, https:\/\/dante-learning.com\/eng\/wp-content\/uploads\/2025\/01\/fannulloni-uomo-1-300x300.webp 300w, https:\/\/dante-learning.com\/eng\/wp-content\/uploads\/2025\/01\/fannulloni-uomo-1.webp 350w\" sizes=\"auto, (max-width: 150px) 100vw, 150px\" \/><figcaption class=\"wp-element-caption\">I fannulloni<\/figcaption><\/figure>\n\n\n<div class=\"gb-container gb-container-8c2cf4fa\">\n<div class=\"gb-headline gb-headline-013386f3 gb-headline-text\">Riccardo<\/div>\n\n<div class=\"gb-headline gb-headline-16e30371 gb-headline-text\"><time class=\"entry-date published\" datetime=\"2025-12-24T17:24:39+09:00\">2025-12-24<\/time><\/div>\n<\/div>\n<\/div>\n<\/div>\n<\/div><\/div>\n\n<div class=\"gb-grid-column gb-grid-column-534d91eb gb-query-loop-item post-57462 post type-post status-publish format-standard hentry category-lingua pmpro-has-access\"><div class=\"gb-container gb-container-534d91eb\">\n<div class=\"gb-container gb-container-01997210\">\n<h3 class=\"gb-headline gb-headline-2d9bc049 gb-headline-text\"><a href=\"https:\/\/dante-learning.com\/eng\/grammatica-gli-altri-possessivi\/\">GRAMMATICA &#8211; Gli altri possessivi<\/a><\/h3>\n\n<div class=\"gb-headline gb-headline-4df9fed6 gb-headline-text\">In italiano, esprimere il possesso non significa semplicemente usare gli aggettivi possessivi (mio, tuo, suo&#8230;). Al contrario, l&#8217;italiano tende a usare il possessivo con &#8230;<\/div>\n\n<div class=\"gb-container gb-container-3fb89cf5\">\n\n<figure class=\"wp-block-image size-thumbnail is-resized\"><img loading=\"lazy\" decoding=\"async\" width=\"150\" height=\"150\" src=\"https:\/\/dante-learning.com\/eng\/wp-content\/uploads\/2025\/01\/fannulloni-uomo-1-150x150.webp\" alt=\"\" class=\"wp-image-50743\" style=\"width:48px;height:auto\" srcset=\"https:\/\/dante-learning.com\/eng\/wp-content\/uploads\/2025\/01\/fannulloni-uomo-1-150x150.webp 150w, https:\/\/dante-learning.com\/eng\/wp-content\/uploads\/2025\/01\/fannulloni-uomo-1-300x300.webp 300w, https:\/\/dante-learning.com\/eng\/wp-content\/uploads\/2025\/01\/fannulloni-uomo-1.webp 350w\" sizes=\"auto, (max-width: 150px) 100vw, 150px\" \/><figcaption class=\"wp-element-caption\">I fannulloni<\/figcaption><\/figure>\n\n\n<div class=\"gb-container gb-container-8c2cf4fa\">\n<div class=\"gb-headline gb-headline-013386f3 gb-headline-text\">Riccardo<\/div>\n\n<div class=\"gb-headline gb-headline-16e30371 gb-headline-text\"><time class=\"entry-date published\" datetime=\"2025-12-12T21:36:22+09:00\">2025-12-12<\/time><\/div>\n<\/div>\n<\/div>\n<\/div>\n<\/div><\/div>\n\n<div class=\"gb-grid-column gb-grid-column-534d91eb gb-query-loop-item post-57228 post type-post status-publish format-standard hentry category-lingua pmpro-has-access\"><div class=\"gb-container gb-container-534d91eb\">\n<div class=\"gb-container gb-container-01997210\">\n<h3 class=\"gb-headline gb-headline-2d9bc049 gb-headline-text\"><a href=\"https:\/\/dante-learning.com\/eng\/la-concordanza-del-congiuntivo-1-reggente-al-presente\/\">La concordanza del congiuntivo 1 &#8211; reggente al presente<\/a><\/h3>\n\n<div class=\"gb-headline gb-headline-4df9fed6 gb-headline-text\">Diamo per scontato che abbiate gi\u00e0 studiato il congiuntivo almeno una volta. Non spiegheremo tutte le regole dall&#8217;inizio, ma possiamo discuterne liberamente in classe &#8230;<\/div>\n\n<div class=\"gb-container gb-container-3fb89cf5\">\n\n<figure class=\"wp-block-image size-thumbnail is-resized\"><img loading=\"lazy\" decoding=\"async\" width=\"150\" height=\"150\" src=\"https:\/\/dante-learning.com\/eng\/wp-content\/uploads\/2025\/01\/fannulloni-uomo-1-150x150.webp\" alt=\"\" class=\"wp-image-50743\" style=\"width:48px;height:auto\" srcset=\"https:\/\/dante-learning.com\/eng\/wp-content\/uploads\/2025\/01\/fannulloni-uomo-1-150x150.webp 150w, https:\/\/dante-learning.com\/eng\/wp-content\/uploads\/2025\/01\/fannulloni-uomo-1-300x300.webp 300w, https:\/\/dante-learning.com\/eng\/wp-content\/uploads\/2025\/01\/fannulloni-uomo-1.webp 350w\" sizes=\"auto, (max-width: 150px) 100vw, 150px\" \/><figcaption class=\"wp-element-caption\">I fannulloni<\/figcaption><\/figure>\n\n\n<div class=\"gb-container gb-container-8c2cf4fa\">\n<div class=\"gb-headline gb-headline-013386f3 gb-headline-text\">Riccardo<\/div>\n\n<div class=\"gb-headline gb-headline-16e30371 gb-headline-text\"><time class=\"entry-date published\" datetime=\"2025-11-21T22:37:02+09:00\">2025-11-21<\/time><\/div>\n<\/div>\n<\/div>\n<\/div>\n<\/div><\/div>\n\n<div class=\"gb-grid-column gb-grid-column-534d91eb gb-query-loop-item post-56936 post type-post status-publish format-standard has-post-thumbnail hentry category-lingua pmpro-has-access\"><div class=\"gb-container gb-container-534d91eb\">\n<div class=\"gb-container gb-container-01997210\">\n<h3 class=\"gb-headline gb-headline-2d9bc049 gb-headline-text\"><a href=\"https:\/\/dante-learning.com\/eng\/quando-non-usare-gli-articoli-in-italiano-guida-completa-con-esempi\/\">Quando NON usare gli articoli in italiano: Guida completa con esempi<\/a><\/h3>\n\n<div class=\"gb-headline gb-headline-4df9fed6 gb-headline-text\">Gli articoli determinativi e indeterminativi sono fondamentali nella grammatica italiana, ma ci sono molti casi in cui non si usano. Capire quando omettere l&#8217;articolo &#8230;<\/div>\n\n<div class=\"gb-container gb-container-3fb89cf5\">\n\n<figure class=\"wp-block-image size-thumbnail is-resized\"><img loading=\"lazy\" decoding=\"async\" width=\"150\" height=\"150\" src=\"https:\/\/dante-learning.com\/eng\/wp-content\/uploads\/2025\/01\/fannulloni-uomo-1-150x150.webp\" alt=\"\" class=\"wp-image-50743\" style=\"width:48px;height:auto\" srcset=\"https:\/\/dante-learning.com\/eng\/wp-content\/uploads\/2025\/01\/fannulloni-uomo-1-150x150.webp 150w, https:\/\/dante-learning.com\/eng\/wp-content\/uploads\/2025\/01\/fannulloni-uomo-1-300x300.webp 300w, https:\/\/dante-learning.com\/eng\/wp-content\/uploads\/2025\/01\/fannulloni-uomo-1.webp 350w\" sizes=\"auto, (max-width: 150px) 100vw, 150px\" \/><figcaption class=\"wp-element-caption\">I fannulloni<\/figcaption><\/figure>\n\n\n<div class=\"gb-container gb-container-8c2cf4fa\">\n<div class=\"gb-headline gb-headline-013386f3 gb-headline-text\">Riccardo<\/div>\n\n<div class=\"gb-headline gb-headline-16e30371 gb-headline-text\"><time class=\"entry-date published\" datetime=\"2025-11-01T19:58:52+09:00\">2025-11-01<\/time><\/div>\n<\/div>\n<\/div>\n<\/div>\n<\/div><\/div>\n\n<div class=\"gb-grid-column gb-grid-column-534d91eb gb-query-loop-item post-56916 post type-post status-publish format-standard hentry category-free category-lingua pmpro-has-access\"><div class=\"gb-container gb-container-534d91eb\">\n<div class=\"gb-container gb-container-01997210\">\n<h3 class=\"gb-headline gb-headline-2d9bc049 gb-headline-text\"><a href=\"https:\/\/dante-learning.com\/eng\/premium-quiz-italian-prepositions-venezia-level-a0-a1\/\">Premium Quiz: Italian Prepositions &#8211; Venezia Level A0-A1<\/a><\/h3>\n\n<div class=\"gb-headline gb-headline-4df9fed6 gb-headline-text\">This is a Premium quiz for Venezia level A0-A1 designed to comprehensively review Italian prepositions, both simple prepositions (di, a, da, in, con, su, &#8230;<\/div>\n\n<div class=\"gb-container gb-container-3fb89cf5\">\n\n<figure class=\"wp-block-image size-thumbnail is-resized\"><img loading=\"lazy\" decoding=\"async\" width=\"150\" height=\"150\" src=\"https:\/\/dante-learning.com\/eng\/wp-content\/uploads\/2025\/01\/fannulloni-uomo-1-150x150.webp\" alt=\"\" class=\"wp-image-50743\" style=\"width:48px;height:auto\" srcset=\"https:\/\/dante-learning.com\/eng\/wp-content\/uploads\/2025\/01\/fannulloni-uomo-1-150x150.webp 150w, https:\/\/dante-learning.com\/eng\/wp-content\/uploads\/2025\/01\/fannulloni-uomo-1-300x300.webp 300w, https:\/\/dante-learning.com\/eng\/wp-content\/uploads\/2025\/01\/fannulloni-uomo-1.webp 350w\" sizes=\"auto, (max-width: 150px) 100vw, 150px\" \/><figcaption class=\"wp-element-caption\">I fannulloni<\/figcaption><\/figure>\n\n\n<div class=\"gb-container gb-container-8c2cf4fa\">\n<div class=\"gb-headline gb-headline-013386f3 gb-headline-text\">Riccardo<\/div>\n\n<div class=\"gb-headline gb-headline-16e30371 gb-headline-text\"><time class=\"entry-date published\" datetime=\"2025-10-31T11:56:17+09:00\">2025-10-31<\/time><\/div>\n<\/div>\n<\/div>\n<\/div>\n<\/div><\/div>\n\n<div class=\"gb-grid-column gb-grid-column-534d91eb gb-query-loop-item post-56534 post type-post status-publish format-standard hentry category-lingua pmpro-has-access\"><div class=\"gb-container gb-container-534d91eb\">\n<div class=\"gb-container gb-container-01997210\">\n<h3 class=\"gb-headline gb-headline-2d9bc049 gb-headline-text\"><a href=\"https:\/\/dante-learning.com\/eng\/la-posizione-degli-aggettivi-in-italiano-guida-completa-per-il-livello-intermedio\/\">La posizione degli aggettivi in italiano: guida completa per il livello intermedio<\/a><\/h3>\n\n<div class=\"gb-headline gb-headline-4df9fed6 gb-headline-text\">La posizione degli aggettivi in italiano non \u00e8 mai casuale. Ogni scelta comunica qualcosa di diverso: a volte opera una distinzione, altre volte esprime &#8230;<\/div>\n\n<div class=\"gb-container gb-container-3fb89cf5\">\n\n<figure class=\"wp-block-image size-thumbnail is-resized\"><img loading=\"lazy\" decoding=\"async\" width=\"150\" height=\"150\" src=\"https:\/\/dante-learning.com\/eng\/wp-content\/uploads\/2025\/01\/fannulloni-uomo-1-150x150.webp\" alt=\"\" class=\"wp-image-50743\" style=\"width:48px;height:auto\" srcset=\"https:\/\/dante-learning.com\/eng\/wp-content\/uploads\/2025\/01\/fannulloni-uomo-1-150x150.webp 150w, https:\/\/dante-learning.com\/eng\/wp-content\/uploads\/2025\/01\/fannulloni-uomo-1-300x300.webp 300w, https:\/\/dante-learning.com\/eng\/wp-content\/uploads\/2025\/01\/fannulloni-uomo-1.webp 350w\" sizes=\"auto, (max-width: 150px) 100vw, 150px\" \/><figcaption class=\"wp-element-caption\">I fannulloni<\/figcaption><\/figure>\n\n\n<div class=\"gb-container gb-container-8c2cf4fa\">\n<div class=\"gb-headline gb-headline-013386f3 gb-headline-text\">Riccardo<\/div>\n\n<div class=\"gb-headline gb-headline-16e30371 gb-headline-text\"><time class=\"entry-date published\" datetime=\"2025-09-29T20:40:31+09:00\">2025-09-29<\/time><\/div>\n<\/div>\n<\/div>\n<\/div>\n<\/div><\/div>\n\n<div class=\"gb-grid-column gb-grid-column-534d91eb gb-query-loop-item post-37796 post type-post status-publish format-standard has-post-thumbnail hentry category-lingua pmpro-has-access\"><div class=\"gb-container gb-container-534d91eb\">\n<div class=\"gb-container gb-container-01997210\">\n<h3 class=\"gb-headline gb-headline-2d9bc049 gb-headline-text\"><a href=\"https:\/\/dante-learning.com\/eng\/i-pronomi-relativi-esercizio-di-ripasso\/\">I pronomi relativi &#8211; spiegazione ed esercizio di ripasso<\/a><\/h3>\n\n<div class=\"gb-headline gb-headline-4df9fed6 gb-headline-text\">Cosa impareremo oggi \ud83d\udc46\ud83c\udffb link ai paragrafi Che cosa sono i pronomi relativi I pronomi relativi italiani sono che, cui e quale. La funzione &#8230;<\/div>\n\n<div class=\"gb-container gb-container-3fb89cf5\">\n\n<figure class=\"wp-block-image size-thumbnail is-resized\"><img loading=\"lazy\" decoding=\"async\" width=\"150\" height=\"150\" src=\"https:\/\/dante-learning.com\/eng\/wp-content\/uploads\/2025\/01\/fannulloni-uomo-1-150x150.webp\" alt=\"\" class=\"wp-image-50743\" style=\"width:48px;height:auto\" srcset=\"https:\/\/dante-learning.com\/eng\/wp-content\/uploads\/2025\/01\/fannulloni-uomo-1-150x150.webp 150w, https:\/\/dante-learning.com\/eng\/wp-content\/uploads\/2025\/01\/fannulloni-uomo-1-300x300.webp 300w, https:\/\/dante-learning.com\/eng\/wp-content\/uploads\/2025\/01\/fannulloni-uomo-1.webp 350w\" sizes=\"auto, (max-width: 150px) 100vw, 150px\" \/><figcaption class=\"wp-element-caption\">I fannulloni<\/figcaption><\/figure>\n\n\n<div class=\"gb-container gb-container-8c2cf4fa\">\n<div class=\"gb-headline gb-headline-013386f3 gb-headline-text\">Riccardo<\/div>\n\n<div class=\"gb-headline gb-headline-16e30371 gb-headline-text\"><time class=\"entry-date published\" datetime=\"2025-09-28T06:49:00+09:00\">2025-09-28<\/time><\/div>\n<\/div>\n<\/div>\n<\/div>\n<\/div><\/div>\n\n<div class=\"gb-grid-column gb-grid-column-534d91eb gb-query-loop-item post-56278 post type-post status-publish format-standard hentry category-lingua pmpro-has-access\"><div class=\"gb-container gb-container-534d91eb\">\n<div class=\"gb-container gb-container-01997210\">\n<h3 class=\"gb-headline gb-headline-2d9bc049 gb-headline-text\"><a href=\"https:\/\/dante-learning.com\/eng\/grammatica-gli-indefiniti\/\">Grammatica: gli indefiniti<\/a><\/h3>\n\n<div class=\"gb-headline gb-headline-4df9fed6 gb-headline-text\">Che cosa e quali sono gli aggettivi e i pronomi indefiniti Gli aggettivi e i pronomi indefiniti si usano con un nome, o in &#8230;<\/div>\n\n<div class=\"gb-container gb-container-3fb89cf5\">\n\n<figure class=\"wp-block-image size-thumbnail is-resized\"><img loading=\"lazy\" decoding=\"async\" width=\"150\" height=\"150\" src=\"https:\/\/dante-learning.com\/eng\/wp-content\/uploads\/2025\/01\/fannulloni-uomo-1-150x150.webp\" alt=\"\" class=\"wp-image-50743\" style=\"width:48px;height:auto\" srcset=\"https:\/\/dante-learning.com\/eng\/wp-content\/uploads\/2025\/01\/fannulloni-uomo-1-150x150.webp 150w, https:\/\/dante-learning.com\/eng\/wp-content\/uploads\/2025\/01\/fannulloni-uomo-1-300x300.webp 300w, https:\/\/dante-learning.com\/eng\/wp-content\/uploads\/2025\/01\/fannulloni-uomo-1.webp 350w\" sizes=\"auto, (max-width: 150px) 100vw, 150px\" \/><figcaption class=\"wp-element-caption\">I fannulloni<\/figcaption><\/figure>\n\n\n<div class=\"gb-container gb-container-8c2cf4fa\">\n<div class=\"gb-headline gb-headline-013386f3 gb-headline-text\">Riccardo<\/div>\n\n<div class=\"gb-headline gb-headline-16e30371 gb-headline-text\"><time class=\"entry-date published\" datetime=\"2025-09-12T22:56:36+09:00\">2025-09-12<\/time><\/div>\n<\/div>\n<\/div>\n<\/div>\n<\/div><\/div>\n<\/div>\n\n\n<hr class=\"wp-block-separator has-alpha-channel-opacity\"\/>\n\n\n<div class=\"gb-container gb-container-c9abecc3 gb-query-loop-pagination\">\n\n\n<span class=\"gb-button gb-button-3dbd95c0 gb-button-text page-numbers gb-block-is-current\" aria-current=\"page\">1<\/span><a class=\"gb-button gb-button-3dbd95c0 gb-button-text page-numbers\" href=\"?query-f7afbf7c-page=2\">2<\/a><a class=\"gb-button gb-button-3dbd95c0 gb-button-text page-numbers\" href=\"?query-f7afbf7c-page=3\">3<\/a><span class=\"gb-button gb-button-3dbd95c0 gb-button-text page-numbers dots\">\u2026<\/span><a class=\"gb-button gb-button-3dbd95c0 gb-button-text page-numbers\" href=\"?query-f7afbf7c-page=35\">35<\/a>\n\n<a class=\"gb-button gb-button-05fb9feb gb-button-text\" href=\"\/eng\/wp-json\/wp\/v2\/pages\/19994?query-f7afbf7c-page=2\">Next<\/a>\n<\/div>\n\n<\/div>\n<\/div>\n\n\n<p><\/p>\n\n\n\n<p><\/p>\n\n<\/div>\n\n\n<p><\/p>\n\n\n\n<p><\/p>\n","protected":false},"excerpt":{"rendered":"<p>Free Italian Learning Materials All content on this page is freely accessible.Interactive quizzes are available to friends who choose our Freemium option \u2013 a free registration with just one click. Learning Italian is exciting and sometimes challenging.We hope our exercises help you improve. Have fun learning, and buono studio! Search<\/p>\n","protected":false},"author":10020,"featured_media":0,"parent":0,"menu_order":0,"comment_status":"closed","ping_status":"closed","template":"","meta":{"_bbp_topic_count":0,"_bbp_reply_count":0,"_bbp_total_topic_count":0,"_bbp_total_reply_count":0,"_bbp_voice_count":0,"_bbp_anonymous_reply_count":0,"_bbp_topic_count_hidden":0,"_bbp_reply_count_hidden":0,"_bbp_forum_subforum_count":0,"pmpro_default_level":"","footnotes":""},"categories":[],"tags":[],"class_list":{"0":"post-19994","1":"page","2":"type-page","3":"status-publish","5":"no-featured-image-padding","6":"pmpro-has-access"},"_links":{"self":[{"href":"https:\/\/dante-learning.com\/eng\/wp-json\/wp\/v2\/pages\/19994","targetHints":{"allow":["GET"]}}],"collection":[{"href":"https:\/\/dante-learning.com\/eng\/wp-json\/wp\/v2\/pages"}],"about":[{"href":"https:\/\/dante-learning.com\/eng\/wp-json\/wp\/v2\/types\/page"}],"author":[{"embeddable":true,"href":"https:\/\/dante-learning.com\/eng\/wp-json\/wp\/v2\/users\/10020"}],"replies":[{"embeddable":true,"href":"https:\/\/dante-learning.com\/eng\/wp-json\/wp\/v2\/comments?post=19994"}],"version-history":[{"count":1,"href":"https:\/\/dante-learning.com\/eng\/wp-json\/wp\/v2\/pages\/19994\/revisions"}],"predecessor-version":[{"id":56935,"href":"https:\/\/dante-learning.com\/eng\/wp-json\/wp\/v2\/pages\/19994\/revisions\/56935"}],"wp:attachment":[{"href":"https:\/\/dante-learning.com\/eng\/wp-json\/wp\/v2\/media?parent=19994"}],"wp:term":[{"taxonomy":"category","embeddable":true,"href":"https:\/\/dante-learning.com\/eng\/wp-json\/wp\/v2\/categories?post=19994"},{"taxonomy":"post_tag","embeddable":true,"href":"https:\/\/dante-learning.com\/eng\/wp-json\/wp\/v2\/tags?post=19994"}],"curies":[{"name":"wp","href":"https:\/\/api.w.org\/{rel}","templated":true}]}}